{"id":4386,"date":"2026-01-13T11:44:24","date_gmt":"2026-01-13T11:44:24","guid":{"rendered":"https:\/\/heavenshotelproject.heavenshotelhoorn.com\/algemene-voorwaarden\/"},"modified":"2026-02-05T00:25:45","modified_gmt":"2026-02-05T00:25:45","slug":"algemene-voorwaarden","status":"publish","type":"page","link":"https:\/\/heavenshotelproject.heavenshotelhoorn.com\/en\/algemene-voorwaarden\/","title":{"rendered":"Algemene voorwaarden"},"content":{"rendered":"\t\t<div data-elementor-type=\"wp-page\" data-elementor-id=\"4386\" class=\"elementor elementor-4386 elementor-3057\" data-elementor-post-type=\"page\">\n\t\t\t\t<div class=\"elementor-element elementor-element-540929c e-flex e-con-boxed e-con e-parent\" data-id=\"540929c\" data-element_type=\"container\" data-e-type=\"container\" data-settings=\"{&quot;background_background&quot;:&quot;classic&quot;}\">\n\t\t\t\t\t<div class=\"e-con-inner\">\n\t\t\t\t\t<\/div>\n\t\t\t\t<\/div>\n\t\t<div class=\"elementor-element elementor-element-032a93f e-flex e-con-boxed e-con e-parent\" data-id=\"032a93f\" data-element_type=\"container\" data-e-type=\"container\" data-settings=\"{&quot;background_background&quot;:&quot;classic&quot;}\">\n\t\t\t\t\t<div class=\"e-con-inner\">\n\t\t\t\t<div class=\"elementor-element elementor-element-3a2f12c elementor-widget elementor-widget-heading\" data-id=\"3a2f12c\" data-element_type=\"widget\" data-e-type=\"widget\" data-widget_type=\"heading.default\">\n\t\t\t\t\t<h1 class=\"elementor-heading-title elementor-size-default\">Algemene Voorwaarden<\/h1>\t\t\t\t<\/div>\n\t\t\t\t<div class=\"elementor-element elementor-element-119d845 elementor-widget elementor-widget-heading\" data-id=\"119d845\" data-element_type=\"widget\" data-e-type=\"widget\" data-widget_type=\"heading.default\">\n\t\t\t\t\t<h2 class=\"elementor-heading-title elementor-size-default\">Annulerings- en aanvullende voorwaarden<\/h2>\t\t\t\t<\/div>\n\t\t\t\t<div class=\"elementor-element elementor-element-6b634ed elementor-widget elementor-widget-heading\" data-id=\"6b634ed\" data-element_type=\"widget\" data-e-type=\"widget\" data-widget_type=\"heading.default\">\n\t\t\t\t\t<h2 class=\"elementor-heading-title elementor-size-default\">Hotel informatie<\/h2>\t\t\t\t<\/div>\n\t\t\t\t<div class=\"elementor-element elementor-element-5969264 elementor-widget elementor-widget-heading\" data-id=\"5969264\" data-element_type=\"widget\" data-e-type=\"widget\" data-widget_type=\"heading.default\">\n\t\t\t\t\t<h3 class=\"elementor-heading-title elementor-size-default\">Checkin<\/h3>\t\t\t\t<\/div>\n\t\t\t\t<div class=\"elementor-element elementor-element-7a14aa9 elementor-widget elementor-widget-text-editor\" data-id=\"7a14aa9\" data-element_type=\"widget\" data-e-type=\"widget\" data-widget_type=\"text-editor.default\">\n\t\t\t\t\t\t\t\t\t<p>De check-in bij Heavens Hotel Hoorn is gegarandeerd vanaf 15:00 uur. In sommige gevallen is het mogelijk om eerder in te checken, afhankelijk van de beschikbaarheid. Dit kan betekenen dat u gebruikmaakt van een andere kamercategorie, waarvoor een supplement of upgrade van toepassing kan zijn. Ons team informeert u hier graag over bij aankomst, zodat wij samen met u kunnen kijken naar de beste mogelijkheid voor een prettig begin van uw verblijf.   <\/p>\t\t\t\t\t\t\t\t<\/div>\n\t\t\t\t<div class=\"elementor-element elementor-element-93b3e96 elementor-widget elementor-widget-heading\" data-id=\"93b3e96\" data-element_type=\"widget\" data-e-type=\"widget\" data-widget_type=\"heading.default\">\n\t\t\t\t\t<h3 class=\"elementor-heading-title elementor-size-default\">Checkout<\/h3>\t\t\t\t<\/div>\n\t\t\t\t<div class=\"elementor-element elementor-element-a39a649 elementor-widget elementor-widget-text-editor\" data-id=\"a39a649\" data-element_type=\"widget\" data-e-type=\"widget\" data-widget_type=\"text-editor.default\">\n\t\t\t\t\t\t\t\t\t<p>De check-out bij Heavens Hotel Hoorn is mogelijk tot 11:00 uur. Indien beschikbaar kunt u gebruikmaken van een late check-out tot 13:00 uur tegen een toeslag van \u20ac25. Wenst u langer te blijven, dan wordt een volledige dagprijs in rekening gebracht. Ons team informeert u graag over de beschikbaarheid en mogelijkheden, zodat u zorgeloos van uw verblijf kunt blijven genieten.   <\/p>\t\t\t\t\t\t\t\t<\/div>\n\t\t\t\t<div class=\"elementor-element elementor-element-614b4ca elementor-widget elementor-widget-heading\" data-id=\"614b4ca\" data-element_type=\"widget\" data-e-type=\"widget\" data-widget_type=\"heading.default\">\n\t\t\t\t\t<h3 class=\"elementor-heading-title elementor-size-default\">Toeristenbelasting<\/h3>\t\t\t\t<\/div>\n\t\t\t\t<div class=\"elementor-element elementor-element-1e24bbb elementor-widget elementor-widget-text-editor\" data-id=\"1e24bbb\" data-element_type=\"widget\" data-e-type=\"widget\" data-widget_type=\"text-editor.default\">\n\t\t\t\t\t\t\t\t\t<p>De toeristenbelasting bedraagt \u20ac3,70 per persoon per nacht momenteel. Dit tarief is onderhevig aan wijzigingen, aangezien het jaarlijks wordt vastgesteld door de gemeente Hoorn en kan vari\u00ebren in de daaropvolgende jaren. <\/p>\t\t\t\t\t\t\t\t<\/div>\n\t\t\t\t<div class=\"elementor-element elementor-element-b7ac4f3 elementor-widget elementor-widget-heading\" data-id=\"b7ac4f3\" data-element_type=\"widget\" data-e-type=\"widget\" data-widget_type=\"heading.default\">\n\t\t\t\t\t<h3 class=\"elementor-heading-title elementor-size-default\">Ontbijt<\/h3>\t\t\t\t<\/div>\n\t\t\t\t<div class=\"elementor-element elementor-element-39ed897 elementor-widget elementor-widget-text-editor\" data-id=\"39ed897\" data-element_type=\"widget\" data-e-type=\"widget\" data-widget_type=\"text-editor.default\">\n\t\t\t\t\t\t\t\t\t<p>Het ontbijt wordt geserveerd in Restaurant The Saint, gevestigd in het pand van Heavens Hotel Hoorn op de begane grond. Restaurant The Saint is een zelfstandig opererend bedrijf en verzorgt het ontbijt voor gasten van Heavens Hotel Hoorn. Indien het ontbijt exclusief bij uw reservering is geboekt, bieden wij dit aan tegen een tarief van \u20ac19,50 per persoon per nacht.  <\/p>\t\t\t\t\t\t\t\t<\/div>\n\t\t\t\t<div class=\"elementor-element elementor-element-9f34ce2 elementor-widget elementor-widget-heading\" data-id=\"9f34ce2\" data-element_type=\"widget\" data-e-type=\"widget\" data-widget_type=\"heading.default\">\n\t\t\t\t\t<h3 class=\"elementor-heading-title elementor-size-default\">Huisdieren<\/h3>\t\t\t\t<\/div>\n\t\t\t\t<div class=\"elementor-element elementor-element-df04dcf elementor-widget elementor-widget-text-editor\" data-id=\"df04dcf\" data-element_type=\"widget\" data-e-type=\"widget\" data-widget_type=\"text-editor.default\">\n\t\t\t\t\t\t\t\t\t<p>Huisdieren zijn niet toegestaan in Heavens Hotel Hoorn.<\/p>\t\t\t\t\t\t\t\t<\/div>\n\t\t\t\t<div class=\"elementor-element elementor-element-f0af516 elementor-widget elementor-widget-heading\" data-id=\"f0af516\" data-element_type=\"widget\" data-e-type=\"widget\" data-widget_type=\"heading.default\">\n\t\t\t\t\t<h3 class=\"elementor-heading-title elementor-size-default\">PLaatsing extra bed<\/h3>\t\t\t\t<\/div>\n\t\t\t\t<div class=\"elementor-element elementor-element-d78cc5f elementor-widget elementor-widget-text-editor\" data-id=\"d78cc5f\" data-element_type=\"widget\" data-e-type=\"widget\" data-widget_type=\"text-editor.default\">\n\t\t\t\t\t\t\t\t\t<p>Het plaatsen van een extra bed is mogelijk tegen een tarief van \u20ac35 per nacht. Ontbijt kan optioneel worden bijgeboekt voor \u20ac19,50 per persoon per dag. Daarnaast wordt de geldende stadsbelasting van \u20ac3,70 per persoon per nacht in rekening gebracht.  <\/p>\t\t\t\t\t\t\t\t<\/div>\n\t\t\t\t<div class=\"elementor-element elementor-element-fec6a84 elementor-widget elementor-widget-heading\" data-id=\"fec6a84\" data-element_type=\"widget\" data-e-type=\"widget\" data-widget_type=\"heading.default\">\n\t\t\t\t\t<h3 class=\"elementor-heading-title elementor-size-default\">PLaatsing baby bed<\/h3>\t\t\t\t<\/div>\n\t\t\t\t<div class=\"elementor-element elementor-element-556f9b2 elementor-widget elementor-widget-text-editor\" data-id=\"556f9b2\" data-element_type=\"widget\" data-e-type=\"widget\" data-widget_type=\"text-editor.default\">\n\t\t\t\t\t\t\t\t\t<p>De plaatsing van een babybed is mogelijk tegen een tarief van \u20ac10 per nacht, exclusief linnengoed.<\/p>\t\t\t\t\t\t\t\t<\/div>\n\t\t\t\t<div class=\"elementor-element elementor-element-a2a9168 elementor-widget elementor-widget-heading\" data-id=\"a2a9168\" data-element_type=\"widget\" data-e-type=\"widget\" data-widget_type=\"heading.default\">\n\t\t\t\t\t<h2 class=\"elementor-heading-title elementor-size-default\">Annulerings- en aanvullende voorwaarden<\/h2>\t\t\t\t<\/div>\n\t\t\t\t<div class=\"elementor-element elementor-element-b36c7ae elementor-widget elementor-widget-heading\" data-id=\"b36c7ae\" data-element_type=\"widget\" data-e-type=\"widget\" data-widget_type=\"heading.default\">\n\t\t\t\t\t<h3 class=\"elementor-heading-title elementor-size-default\">Particulieren<\/h3>\t\t\t\t<\/div>\n\t\t\t\t<div class=\"elementor-element elementor-element-7c10cf2 elementor-widget elementor-widget-text-editor\" data-id=\"7c10cf2\" data-element_type=\"widget\" data-e-type=\"widget\" data-widget_type=\"text-editor.default\">\n\t\t\t\t\t\t\t\t\t<p>De onderstaande annuleringsvoorwaarden zijn van toepassing op particuliere reserveringen tot en met 4 kamers. De dag van aankomst wordt geacht te beginnen om 00:00 uur. <\/p><p><strong>Flexibel tarief<\/strong><br>Annulering tot 2 dagen v\u00f3\u00f3r aankomst: kosteloos<br>Annulering binnen 2 dagen v\u00f3\u00f3r aankomst: 100% van de overeengekomen kamerprijs van de eerste nacht<br>No-show: 100% van de overeengekomen totale kamerprijs<\/p><p><strong>Niet-restitueerbare tarieven<\/strong><br>Reserveringen tegen een niet-restitueerbare en vroeg boek tarief kunnen niet kosteloos worden geannuleerd of gewijzigd.<\/p>\t\t\t\t\t\t\t\t<\/div>\n\t\t\t\t<div class=\"elementor-element elementor-element-98369b3 elementor-widget elementor-widget-heading\" data-id=\"98369b3\" data-element_type=\"widget\" data-e-type=\"widget\" data-widget_type=\"heading.default\">\n\t\t\t\t\t<h3 class=\"elementor-heading-title elementor-size-default\">Cashless Hotel<\/h3>\t\t\t\t<\/div>\n\t\t\t\t<div class=\"elementor-element elementor-element-aa299ab elementor-widget elementor-widget-text-editor\" data-id=\"aa299ab\" data-element_type=\"widget\" data-e-type=\"widget\" data-widget_type=\"text-editor.default\">\n\t\t\t\t\t\t\t\t\t<p>Heavens Hotel Hoorn is een cashless hotel. Betalingen kunnen uitsluitend worden voldaan per pin of creditcard; contante betalingen worden niet geaccepteerd. Bij betaling met een creditcard wordt het bedrag direct op het moment van betaling gedebiteerd.  <\/p>\t\t\t\t\t\t\t\t<\/div>\n\t\t\t\t<div class=\"elementor-element elementor-element-9772404 elementor-widget elementor-widget-heading\" data-id=\"9772404\" data-element_type=\"widget\" data-e-type=\"widget\" data-widget_type=\"heading.default\">\n\t\t\t\t\t<h3 class=\"elementor-heading-title elementor-size-default\">BTW wijzigingen<\/h3>\t\t\t\t<\/div>\n\t\t\t\t<div class=\"elementor-element elementor-element-59dff98 elementor-widget elementor-widget-text-editor\" data-id=\"59dff98\" data-element_type=\"widget\" data-e-type=\"widget\" data-widget_type=\"text-editor.default\">\n\t\t\t\t\t\t\t\t\t<p>Per 1 januari 2026 is het btw-tarief op hotelovernachtingen door de overheid verhoogd naar 21%. Deze wijziging kan tot gevolg hebben dat prijzen, ook voor reserveringen die v\u00f3\u00f3r deze datum zijn gemaakt, worden aangepast. Eventuele prijsverschillen als gevolg van wijzigingen in btw-tarieven of andere door de overheid opgelegde belastingen vallen buiten de invloedssfeer van Heavens Hotel Hoorn en worden overeenkomstig doorberekend. Overheidsheffingen en belastingen kunnen te allen tijde door de bevoegde instanties worden gewijzigd.   <\/p>\t\t\t\t\t\t\t\t<\/div>\n\t\t\t\t<div class=\"elementor-element elementor-element-ba5609d elementor-widget elementor-widget-heading\" data-id=\"ba5609d\" data-element_type=\"widget\" data-e-type=\"widget\" data-widget_type=\"heading.default\">\n\t\t\t\t\t<h3 class=\"elementor-heading-title elementor-size-default\">Prijscorrecties<\/h3>\t\t\t\t<\/div>\n\t\t\t\t<div class=\"elementor-element elementor-element-1dfcf55 elementor-widget elementor-widget-text-editor\" data-id=\"1dfcf55\" data-element_type=\"widget\" data-e-type=\"widget\" data-widget_type=\"text-editor.default\">\n\t\t\t\t\t\t\t\t\t<p>Heavens Hotel Hoorn behoudt zich het recht voor om reserveringen te corrigeren of te annuleren indien sprake is van een kennelijke fout in prijzen, tarieven of andere reserveringsinformatie als gevolg van een systeem-, publicatie- of administratieve fout. In dergelijke gevallen zal de gast hiervan zo spoedig mogelijk, doch uiterlijk binnen 7 dagen na reservering, op de hoogte worden gesteld. De gast heeft in dat geval het recht om de reservering kosteloos te annuleren.  <\/p>\t\t\t\t\t\t\t\t<\/div>\n\t\t\t\t<div class=\"elementor-element elementor-element-9c931ef elementor-widget elementor-widget-heading\" data-id=\"9c931ef\" data-element_type=\"widget\" data-e-type=\"widget\" data-widget_type=\"heading.default\">\n\t\t\t\t\t<h3 class=\"elementor-heading-title elementor-size-default\">Aansprakelijkheid en schade<\/h3>\t\t\t\t<\/div>\n\t\t\t\t<div class=\"elementor-element elementor-element-2d1def5 elementor-widget elementor-widget-text-editor\" data-id=\"2d1def5\" data-element_type=\"widget\" data-e-type=\"widget\" data-widget_type=\"text-editor.default\">\n\t\t\t\t\t\t\t\t\t<p>Heavens Hotel Hoorn is niet aansprakelijk voor verlies, diefstal of beschadiging van persoonlijke eigendommen van gasten, tenzij sprake is van opzet of grove nalatigheid. Eventuele schade veroorzaakt door de gast aan kamers, inventaris of gemeenschappelijke ruimtes kan aan de gast worden doorbelast. <\/p>\t\t\t\t\t\t\t\t<\/div>\n\t\t\t\t<div class=\"elementor-element elementor-element-b72a251 elementor-widget elementor-widget-heading\" data-id=\"b72a251\" data-element_type=\"widget\" data-e-type=\"widget\" data-widget_type=\"heading.default\">\n\t\t\t\t\t<h3 class=\"elementor-heading-title elementor-size-default\">Overmacht<\/h3>\t\t\t\t<\/div>\n\t\t\t\t<div class=\"elementor-element elementor-element-aa62aaa elementor-widget elementor-widget-text-editor\" data-id=\"aa62aaa\" data-element_type=\"widget\" data-e-type=\"widget\" data-widget_type=\"text-editor.default\">\n\t\t\t\t\t\t\t\t\t<p>Heavens Hotel Hoorn is niet gehouden tot het nakomen van enige verplichting indien dit wordt verhinderd als gevolg van overmacht. Onder overmacht wordt onder meer verstaan: storingen in de energievoorziening, uitval van internet of technische systemen, overheidsmaatregelen, natuurrampen, epidemie\u00ebn, stakingen, brand, waterschade en andere omstandigheden buiten de invloedssfeer van het hotel. In geval van overmacht kan Heavens Hotel Hoorn de uitvoering van de overeenkomst opschorten of be\u00ebindigen. Waar mogelijk zal het hotel zich inspannen om samen met de gast tot een passende oplossing te komen.   <\/p>\t\t\t\t\t\t\t\t<\/div>\n\t\t\t\t<div class=\"elementor-element elementor-element-6b477fd elementor-widget elementor-widget-heading\" data-id=\"6b477fd\" data-element_type=\"widget\" data-e-type=\"widget\" data-widget_type=\"heading.default\">\n\t\t\t\t\t<h3 class=\"elementor-heading-title elementor-size-default\">Gedrags- en huisregels<\/h3>\t\t\t\t<\/div>\n\t\t\t\t<div class=\"elementor-element elementor-element-d8a46cc elementor-widget elementor-widget-text-editor\" data-id=\"d8a46cc\" data-element_type=\"widget\" data-e-type=\"widget\" data-widget_type=\"text-editor.default\">\n\t\t\t\t\t\t\t\t\t<p>Wij streven naar een prettig en ontspannen verblijf voor al onze gasten. Daarom vragen wij onze gasten rekening te houden met andere gasten, medewerkers en omwonenden. Geluidsoverlast, hinderlijk of ongewenst gedrag binnen het hotel of in de directe omgeving is niet toegestaan. Heavens Hotel Hoorn behoudt zich het recht voor om bij overtreding van de huisregels passende maatregelen te nemen, waaronder het ontzeggen van verdere toegang tot het hotel, zonder restitutie van reeds betaalde bedragen.   <\/p>\t\t\t\t\t\t\t\t<\/div>\n\t\t\t\t<div class=\"elementor-element elementor-element-10c8ee3 elementor-widget elementor-widget-heading\" data-id=\"10c8ee3\" data-element_type=\"widget\" data-e-type=\"widget\" data-widget_type=\"heading.default\">\n\t\t\t\t\t<h3 class=\"elementor-heading-title elementor-size-default\">Rookvrij hotel<\/h3>\t\t\t\t<\/div>\n\t\t\t\t<div class=\"elementor-element elementor-element-9cdb1ee elementor-widget elementor-widget-text-editor\" data-id=\"9cdb1ee\" data-element_type=\"widget\" data-e-type=\"widget\" data-widget_type=\"text-editor.default\">\n\t\t\t\t\t\t\t\t\t<p>Heavens Hotel Hoorn is een volledig rookvrij hotel. Roken is niet toegestaan in de hotelkamers, badkamers en alle overige binnenruimtes. Indien wordt vastgesteld dat er in strijd met dit beleid is gerookt, behoudt het hotel zich het recht voor om extra schoonmaak- en herstelkosten in rekening te brengen, mede in verband met brandveiligheid en comfort van andere gasten.  <\/p>\t\t\t\t\t\t\t\t<\/div>\n\t\t\t\t<div class=\"elementor-element elementor-element-671275d elementor-widget elementor-widget-heading\" data-id=\"671275d\" data-element_type=\"widget\" data-e-type=\"widget\" data-widget_type=\"heading.default\">\n\t\t\t\t\t<h3 class=\"elementor-heading-title elementor-size-default\">Toepasselijk recht<\/h3>\t\t\t\t<\/div>\n\t\t\t\t<div class=\"elementor-element elementor-element-ccda59e elementor-widget elementor-widget-text-editor\" data-id=\"ccda59e\" data-element_type=\"widget\" data-e-type=\"widget\" data-widget_type=\"text-editor.default\">\n\t\t\t\t\t\t\t\t\t<p>Op de overeenkomsten tussen Heavens Hotel Hoorn en haar gasten is het Nederlands recht van toepassing.<\/p>\t\t\t\t\t\t\t\t<\/div>\n\t\t\t\t<div class=\"elementor-element elementor-element-4b39d2d elementor-widget elementor-widget-heading\" data-id=\"4b39d2d\" data-element_type=\"widget\" data-e-type=\"widget\" data-widget_type=\"heading.default\">\n\t\t\t\t\t<h3 class=\"elementor-heading-title elementor-size-default\">Contact<\/h3>\t\t\t\t<\/div>\n\t\t\t\t<div class=\"elementor-element elementor-element-90d9fa2 elementor-widget elementor-widget-text-editor\" data-id=\"90d9fa2\" data-element_type=\"widget\" data-e-type=\"widget\" data-widget_type=\"text-editor.default\">\n\t\t\t\t\t\t\t\t\t<p>Voor vragen, opmerkingen of aanvullende informatie kunt u contact opnemen met Heavens Hotel Hoorn via info@heavenshotelhoorn.com Wij helpen u graag verder.<\/p>\t\t\t\t\t\t\t\t<\/div>\n\t\t\t\t\t<\/div>\n\t\t\t\t<\/div>\n\t\t\t\t<\/div>\n\t\t","protected":false},"excerpt":{"rendered":"<p>Algemene Voorwaarden Annulerings- en aanvullende voorwaarden Hotel informatie Checkin De check-in bij Heavens Hotel Hoorn is gegarandeerd vanaf 15:00 uur. In sommige gevallen is het mogelijk om eerder in te checken, afhankelijk van de beschikbaarheid. Dit kan betekenen dat u gebruikmaakt van een andere kamercategorie, waarvoor een supplement of upgrade van toepassing kan zijn. Ons [&hellip;]<\/p>\n","protected":false},"author":1,"featured_media":0,"parent":0,"menu_order":0,"comment_status":"closed","ping_status":"closed","template":"","meta":{"footnotes":""},"class_list":["post-4386","page","type-page","status-publish","hentry"],"yoast_head":"<!-- This site is optimized with the Yoast SEO plugin v27.2 - https:\/\/yoast.com\/product\/yoast-seo-wordpress\/ -->\n<title>Algemene voorwaarden -<\/title>\n<meta name=\"robots\" content=\"noindex, follow, max-snippet:-1, max-image-preview:large, max-video-preview:-1\" \/>\n<meta property=\"og:locale\" content=\"en_US\" \/>\n<meta property=\"og:type\" content=\"article\" \/>\n<meta property=\"og:title\" content=\"Algemene voorwaarden -\" \/>\n<meta property=\"og:description\" content=\"Algemene Voorwaarden Annulerings- en aanvullende voorwaarden Hotel informatie Checkin De check-in bij Heavens Hotel Hoorn is gegarandeerd vanaf 15:00 uur. In sommige gevallen is het mogelijk om eerder in te checken, afhankelijk van de beschikbaarheid. Dit kan betekenen dat u gebruikmaakt van een andere kamercategorie, waarvoor een supplement of upgrade van toepassing kan zijn. Ons [&hellip;]\" \/>\n<meta property=\"og:url\" content=\"https:\/\/heavenshotelproject.heavenshotelhoorn.com\/en\/algemene-voorwaarden\/\" \/>\n<meta property=\"article:modified_time\" content=\"2026-02-05T00:25:45+00:00\" \/>\n<meta name=\"twitter:card\" content=\"summary_large_image\" \/>\n<meta name=\"twitter:label1\" content=\"Est. reading time\" \/>\n\t<meta name=\"twitter:data1\" content=\"4 minutes\" \/>\n<script type=\"application\/ld+json\" class=\"yoast-schema-graph\">{\"@context\":\"https:\/\/schema.org\",\"@graph\":[{\"@type\":\"WebPage\",\"@id\":\"https:\/\/heavenshotelproject.heavenshotelhoorn.com\/en\/algemene-voorwaarden\/\",\"url\":\"https:\/\/heavenshotelproject.heavenshotelhoorn.com\/en\/algemene-voorwaarden\/\",\"name\":\"Algemene voorwaarden -\",\"isPartOf\":{\"@id\":\"https:\/\/heavenshotelproject.heavenshotelhoorn.com\/en\/#website\"},\"datePublished\":\"2026-01-13T11:44:24+00:00\",\"dateModified\":\"2026-02-05T00:25:45+00:00\",\"breadcrumb\":{\"@id\":\"https:\/\/heavenshotelproject.heavenshotelhoorn.com\/en\/algemene-voorwaarden\/#breadcrumb\"},\"inLanguage\":\"en-US\",\"potentialAction\":[{\"@type\":\"ReadAction\",\"target\":[\"https:\/\/heavenshotelproject.heavenshotelhoorn.com\/en\/algemene-voorwaarden\/\"]}]},{\"@type\":\"BreadcrumbList\",\"@id\":\"https:\/\/heavenshotelproject.heavenshotelhoorn.com\/en\/algemene-voorwaarden\/#breadcrumb\",\"itemListElement\":[{\"@type\":\"ListItem\",\"position\":1,\"name\":\"Home\",\"item\":\"https:\/\/heavenshotelproject.heavenshotelhoorn.com\/en\/\"},{\"@type\":\"ListItem\",\"position\":2,\"name\":\"Algemene voorwaarden\"}]},{\"@type\":\"WebSite\",\"@id\":\"https:\/\/heavenshotelproject.heavenshotelhoorn.com\/en\/#website\",\"url\":\"https:\/\/heavenshotelproject.heavenshotelhoorn.com\/en\/\",\"name\":\"\",\"description\":\"\",\"potentialAction\":[{\"@type\":\"SearchAction\",\"target\":{\"@type\":\"EntryPoint\",\"urlTemplate\":\"https:\/\/heavenshotelproject.heavenshotelhoorn.com\/en\/?s={search_term_string}\"},\"query-input\":{\"@type\":\"PropertyValueSpecification\",\"valueRequired\":true,\"valueName\":\"search_term_string\"}}],\"inLanguage\":\"en-US\"}]}<\/script>\n<!-- \/ Yoast SEO plugin. -->","yoast_head_json":{"title":"Algemene voorwaarden -","robots":{"index":"noindex","follow":"follow","max-snippet":"max-snippet:-1","max-image-preview":"max-image-preview:large","max-video-preview":"max-video-preview:-1"},"og_locale":"en_US","og_type":"article","og_title":"Algemene voorwaarden -","og_description":"Algemene Voorwaarden Annulerings- en aanvullende voorwaarden Hotel informatie Checkin De check-in bij Heavens Hotel Hoorn is gegarandeerd vanaf 15:00 uur. In sommige gevallen is het mogelijk om eerder in te checken, afhankelijk van de beschikbaarheid. Dit kan betekenen dat u gebruikmaakt van een andere kamercategorie, waarvoor een supplement of upgrade van toepassing kan zijn. Ons [&hellip;]","og_url":"https:\/\/heavenshotelproject.heavenshotelhoorn.com\/en\/algemene-voorwaarden\/","article_modified_time":"2026-02-05T00:25:45+00:00","twitter_card":"summary_large_image","twitter_misc":{"Est. reading time":"4 minutes"},"schema":{"@context":"https:\/\/schema.org","@graph":[{"@type":"WebPage","@id":"https:\/\/heavenshotelproject.heavenshotelhoorn.com\/en\/algemene-voorwaarden\/","url":"https:\/\/heavenshotelproject.heavenshotelhoorn.com\/en\/algemene-voorwaarden\/","name":"Algemene voorwaarden -","isPartOf":{"@id":"https:\/\/heavenshotelproject.heavenshotelhoorn.com\/en\/#website"},"datePublished":"2026-01-13T11:44:24+00:00","dateModified":"2026-02-05T00:25:45+00:00","breadcrumb":{"@id":"https:\/\/heavenshotelproject.heavenshotelhoorn.com\/en\/algemene-voorwaarden\/#breadcrumb"},"inLanguage":"en-US","potentialAction":[{"@type":"ReadAction","target":["https:\/\/heavenshotelproject.heavenshotelhoorn.com\/en\/algemene-voorwaarden\/"]}]},{"@type":"BreadcrumbList","@id":"https:\/\/heavenshotelproject.heavenshotelhoorn.com\/en\/algemene-voorwaarden\/#breadcrumb","itemListElement":[{"@type":"ListItem","position":1,"name":"Home","item":"https:\/\/heavenshotelproject.heavenshotelhoorn.com\/en\/"},{"@type":"ListItem","position":2,"name":"Algemene voorwaarden"}]},{"@type":"WebSite","@id":"https:\/\/heavenshotelproject.heavenshotelhoorn.com\/en\/#website","url":"https:\/\/heavenshotelproject.heavenshotelhoorn.com\/en\/","name":"","description":"","potentialAction":[{"@type":"SearchAction","target":{"@type":"EntryPoint","urlTemplate":"https:\/\/heavenshotelproject.heavenshotelhoorn.com\/en\/?s={search_term_string}"},"query-input":{"@type":"PropertyValueSpecification","valueRequired":true,"valueName":"search_term_string"}}],"inLanguage":"en-US"}]}},"_links":{"self":[{"href":"https:\/\/heavenshotelproject.heavenshotelhoorn.com\/en\/wp-json\/wp\/v2\/pages\/4386","targetHints":{"allow":["GET"]}}],"collection":[{"href":"https:\/\/heavenshotelproject.heavenshotelhoorn.com\/en\/wp-json\/wp\/v2\/pages"}],"about":[{"href":"https:\/\/heavenshotelproject.heavenshotelhoorn.com\/en\/wp-json\/wp\/v2\/types\/page"}],"author":[{"embeddable":true,"href":"https:\/\/heavenshotelproject.heavenshotelhoorn.com\/en\/wp-json\/wp\/v2\/users\/1"}],"replies":[{"embeddable":true,"href":"https:\/\/heavenshotelproject.heavenshotelhoorn.com\/en\/wp-json\/wp\/v2\/comments?post=4386"}],"version-history":[{"count":3,"href":"https:\/\/heavenshotelproject.heavenshotelhoorn.com\/en\/wp-json\/wp\/v2\/pages\/4386\/revisions"}],"predecessor-version":[{"id":5339,"href":"https:\/\/heavenshotelproject.heavenshotelhoorn.com\/en\/wp-json\/wp\/v2\/pages\/4386\/revisions\/5339"}],"wp:attachment":[{"href":"https:\/\/heavenshotelproject.heavenshotelhoorn.com\/en\/wp-json\/wp\/v2\/media?parent=4386"}],"curies":[{"name":"wp","href":"https:\/\/api.w.org\/{rel}","templated":true}]}}