{"id":4695,"date":"2026-01-13T11:44:24","date_gmt":"2026-01-13T11:44:24","guid":{"rendered":"https:\/\/heavenshotelproject.heavenshotelhoorn.com\/allgemeine-geschaeftsbedingungen\/"},"modified":"2026-02-05T00:25:47","modified_gmt":"2026-02-05T00:25:47","slug":"allgemeine-geschaeftsbedingungen","status":"publish","type":"page","link":"https:\/\/heavenshotelproject.heavenshotelhoorn.com\/de\/allgemeine-geschaeftsbedingungen\/","title":{"rendered":"Allgemeine Gesch\u00e4ftsbedingungen"},"content":{"rendered":"\t\t<div data-elementor-type=\"wp-page\" data-elementor-id=\"4695\" class=\"elementor elementor-4695 elementor-3057\" data-elementor-post-type=\"page\">\n\t\t\t\t<div class=\"elementor-element elementor-element-540929c e-flex e-con-boxed e-con e-parent\" data-id=\"540929c\" data-element_type=\"container\" data-e-type=\"container\" data-settings=\"{&quot;background_background&quot;:&quot;classic&quot;}\">\n\t\t\t\t\t<div class=\"e-con-inner\">\n\t\t\t\t\t<\/div>\n\t\t\t\t<\/div>\n\t\t<div class=\"elementor-element elementor-element-032a93f e-flex e-con-boxed e-con e-parent\" data-id=\"032a93f\" data-element_type=\"container\" data-e-type=\"container\" data-settings=\"{&quot;background_background&quot;:&quot;classic&quot;}\">\n\t\t\t\t\t<div class=\"e-con-inner\">\n\t\t\t\t<div class=\"elementor-element elementor-element-3a2f12c elementor-widget elementor-widget-heading\" data-id=\"3a2f12c\" data-element_type=\"widget\" data-e-type=\"widget\" data-widget_type=\"heading.default\">\n\t\t\t\t\t<h1 class=\"elementor-heading-title elementor-size-default\">Allgemeine Gesch\u00e4ftsbedingungen<\/h1>\t\t\t\t<\/div>\n\t\t\t\t<div class=\"elementor-element elementor-element-119d845 elementor-widget elementor-widget-heading\" data-id=\"119d845\" data-element_type=\"widget\" data-e-type=\"widget\" data-widget_type=\"heading.default\">\n\t\t\t\t\t<h2 class=\"elementor-heading-title elementor-size-default\">Stornierungs- und Zusatzbedingungen<\/h2>\t\t\t\t<\/div>\n\t\t\t\t<div class=\"elementor-element elementor-element-6b634ed elementor-widget elementor-widget-heading\" data-id=\"6b634ed\" data-element_type=\"widget\" data-e-type=\"widget\" data-widget_type=\"heading.default\">\n\t\t\t\t\t<h2 class=\"elementor-heading-title elementor-size-default\">Hotelinformationen<\/h2>\t\t\t\t<\/div>\n\t\t\t\t<div class=\"elementor-element elementor-element-5969264 elementor-widget elementor-widget-heading\" data-id=\"5969264\" data-element_type=\"widget\" data-e-type=\"widget\" data-widget_type=\"heading.default\">\n\t\t\t\t\t<h3 class=\"elementor-heading-title elementor-size-default\">Check-in<\/h3>\t\t\t\t<\/div>\n\t\t\t\t<div class=\"elementor-element elementor-element-7a14aa9 elementor-widget elementor-widget-text-editor\" data-id=\"7a14aa9\" data-element_type=\"widget\" data-e-type=\"widget\" data-widget_type=\"text-editor.default\">\n\t\t\t\t\t\t\t\t\t<p>Der Check-in im Heavens Hotel Hoorn ist garantiert ab 15:00 Uhr m\u00f6glich. In einigen F\u00e4llen ist ein fr\u00fcherer Check-in je nach Verf\u00fcgbarkeit m\u00f6glich. Dies kann bedeuten, dass Sie eine andere Zimmerkategorie nutzen, f\u00fcr die ein Aufpreis oder ein Upgrade anf\u00e4llt. Unser Team informiert Sie gerne bei Ihrer Ankunft dar\u00fcber, damit wir gemeinsam mit Ihnen die beste M\u00f6glichkeit f\u00fcr einen angenehmen Start Ihres Aufenthalts finden k\u00f6nnen.   <\/p>\t\t\t\t\t\t\t\t<\/div>\n\t\t\t\t<div class=\"elementor-element elementor-element-93b3e96 elementor-widget elementor-widget-heading\" data-id=\"93b3e96\" data-element_type=\"widget\" data-e-type=\"widget\" data-widget_type=\"heading.default\">\n\t\t\t\t\t<h3 class=\"elementor-heading-title elementor-size-default\">Check-out<\/h3>\t\t\t\t<\/div>\n\t\t\t\t<div class=\"elementor-element elementor-element-a39a649 elementor-widget elementor-widget-text-editor\" data-id=\"a39a649\" data-element_type=\"widget\" data-e-type=\"widget\" data-widget_type=\"text-editor.default\">\n\t\t\t\t\t\t\t\t\t<p>Der Check-out im Heavens Hotel Hoorn ist bis 11:00 Uhr m\u00f6glich. Sofern verf\u00fcgbar, k\u00f6nnen Sie gegen einen Aufpreis von 25 \u20ac einen sp\u00e4ten Check-out bis 13:00 Uhr nutzen. Wenn Sie l\u00e4nger bleiben m\u00f6chten, wird eine volle Tagesrate berechnet. Unser Team informiert Sie gerne \u00fcber die Verf\u00fcgbarkeit und M\u00f6glichkeiten, damit Sie Ihren Aufenthalt unbeschwert genie\u00dfen k\u00f6nnen.   <\/p>\t\t\t\t\t\t\t\t<\/div>\n\t\t\t\t<div class=\"elementor-element elementor-element-614b4ca elementor-widget elementor-widget-heading\" data-id=\"614b4ca\" data-element_type=\"widget\" data-e-type=\"widget\" data-widget_type=\"heading.default\">\n\t\t\t\t\t<h3 class=\"elementor-heading-title elementor-size-default\">Kurtaxe<\/h3>\t\t\t\t<\/div>\n\t\t\t\t<div class=\"elementor-element elementor-element-1e24bbb elementor-widget elementor-widget-text-editor\" data-id=\"1e24bbb\" data-element_type=\"widget\" data-e-type=\"widget\" data-widget_type=\"text-editor.default\">\n\t\t\t\t\t\t\t\t\t<p>Die Kurtaxe betr\u00e4gt derzeit 3,70 \u20ac pro Person und Nacht. Dieser Satz kann sich \u00e4ndern, da er j\u00e4hrlich von der Gemeinde Hoorn festgelegt wird und in den Folgejahren variieren kann. <\/p>\t\t\t\t\t\t\t\t<\/div>\n\t\t\t\t<div class=\"elementor-element elementor-element-b7ac4f3 elementor-widget elementor-widget-heading\" data-id=\"b7ac4f3\" data-element_type=\"widget\" data-e-type=\"widget\" data-widget_type=\"heading.default\">\n\t\t\t\t\t<h3 class=\"elementor-heading-title elementor-size-default\">Fr\u00fchst\u00fcck<\/h3>\t\t\t\t<\/div>\n\t\t\t\t<div class=\"elementor-element elementor-element-39ed897 elementor-widget elementor-widget-text-editor\" data-id=\"39ed897\" data-element_type=\"widget\" data-e-type=\"widget\" data-widget_type=\"text-editor.default\">\n\t\t\t\t\t\t\t\t\t<p>Das Fr\u00fchst\u00fcck wird im Restaurant The Saint serviert, das sich im Geb\u00e4ude des Heavens Hotel Hoorn im Erdgeschoss befindet. Das Restaurant The Saint ist ein eigenst\u00e4ndiges Unternehmen und bietet das Fr\u00fchst\u00fcck f\u00fcr die G\u00e4ste des Heavens Hotel Hoorn an. Wenn das Fr\u00fchst\u00fcck exklusiv zu Ihrer Reservierung hinzugebucht wurde, bieten wir es zu einem Preis von 19,50 \u20ac pro Person und Nacht an.  <\/p>\t\t\t\t\t\t\t\t<\/div>\n\t\t\t\t<div class=\"elementor-element elementor-element-9f34ce2 elementor-widget elementor-widget-heading\" data-id=\"9f34ce2\" data-element_type=\"widget\" data-e-type=\"widget\" data-widget_type=\"heading.default\">\n\t\t\t\t\t<h3 class=\"elementor-heading-title elementor-size-default\">Haustiere<\/h3>\t\t\t\t<\/div>\n\t\t\t\t<div class=\"elementor-element elementor-element-df04dcf elementor-widget elementor-widget-text-editor\" data-id=\"df04dcf\" data-element_type=\"widget\" data-e-type=\"widget\" data-widget_type=\"text-editor.default\">\n\t\t\t\t\t\t\t\t\t<p>Haustiere sind im Heavens Hotel Hoorn nicht erlaubt.<\/p>\t\t\t\t\t\t\t\t<\/div>\n\t\t\t\t<div class=\"elementor-element elementor-element-f0af516 elementor-widget elementor-widget-heading\" data-id=\"f0af516\" data-element_type=\"widget\" data-e-type=\"widget\" data-widget_type=\"heading.default\">\n\t\t\t\t\t<h3 class=\"elementor-heading-title elementor-size-default\">Zustellbett<\/h3>\t\t\t\t<\/div>\n\t\t\t\t<div class=\"elementor-element elementor-element-d78cc5f elementor-widget elementor-widget-text-editor\" data-id=\"d78cc5f\" data-element_type=\"widget\" data-e-type=\"widget\" data-widget_type=\"text-editor.default\">\n\t\t\t\t\t\t\t\t\t<p>Die Aufstellung eines Zustellbettes ist gegen eine Geb\u00fchr von 35 \u20ac pro Nacht m\u00f6glich. Das Fr\u00fchst\u00fcck kann optional f\u00fcr 19,50 \u20ac pro Person und Tag hinzugebucht werden. Zus\u00e4tzlich wird die geltende Kurtaxe von 3,70 \u20ac pro Person und Nacht berechnet.  <\/p>\t\t\t\t\t\t\t\t<\/div>\n\t\t\t\t<div class=\"elementor-element elementor-element-fec6a84 elementor-widget elementor-widget-heading\" data-id=\"fec6a84\" data-element_type=\"widget\" data-e-type=\"widget\" data-widget_type=\"heading.default\">\n\t\t\t\t\t<h3 class=\"elementor-heading-title elementor-size-default\">Babybett<\/h3>\t\t\t\t<\/div>\n\t\t\t\t<div class=\"elementor-element elementor-element-556f9b2 elementor-widget elementor-widget-text-editor\" data-id=\"556f9b2\" data-element_type=\"widget\" data-e-type=\"widget\" data-widget_type=\"text-editor.default\">\n\t\t\t\t\t\t\t\t\t<p>Die Aufstellung eines Babybettes ist gegen eine Geb\u00fchr von 10 \u20ac pro Nacht m\u00f6glich, exklusive Bettw\u00e4sche.<\/p>\t\t\t\t\t\t\t\t<\/div>\n\t\t\t\t<div class=\"elementor-element elementor-element-a2a9168 elementor-widget elementor-widget-heading\" data-id=\"a2a9168\" data-element_type=\"widget\" data-e-type=\"widget\" data-widget_type=\"heading.default\">\n\t\t\t\t\t<h2 class=\"elementor-heading-title elementor-size-default\">Stornierungs- und Zusatzbedingungen<\/h2>\t\t\t\t<\/div>\n\t\t\t\t<div class=\"elementor-element elementor-element-b36c7ae elementor-widget elementor-widget-heading\" data-id=\"b36c7ae\" data-element_type=\"widget\" data-e-type=\"widget\" data-widget_type=\"heading.default\">\n\t\t\t\t\t<h3 class=\"elementor-heading-title elementor-size-default\">Privatpersonen<\/h3>\t\t\t\t<\/div>\n\t\t\t\t<div class=\"elementor-element elementor-element-7c10cf2 elementor-widget elementor-widget-text-editor\" data-id=\"7c10cf2\" data-element_type=\"widget\" data-e-type=\"widget\" data-widget_type=\"text-editor.default\">\n\t\t\t\t\t\t\t\t\t<p>Die folgenden Stornierungsbedingungen gelten f\u00fcr private Reservierungen bis einschlie\u00dflich 4 Zimmer. Der Anreisetag beginnt um 00:00 Uhr. <\/p><p><strong>Flexibler Preis<\/strong><br>Stornierung bis 2 Tage vor Anreise: kostenlos<br>Stornierung innerhalb von 2 Tagen vor Anreise: 100 % des vereinbarten Zimmerpreises der ersten Nacht<br>No-Show: 100 % des vereinbarten gesamten Zimmerpreises<\/p><p><strong>Nicht erstattungsf\u00e4hige Preise<\/strong><br>Reservierungen zu einem nicht erstattungsf\u00e4higen und Fr\u00fchbucherpreis k\u00f6nnen nicht kostenlos storniert oder ge\u00e4ndert werden.<\/p>\t\t\t\t\t\t\t\t<\/div>\n\t\t\t\t<div class=\"elementor-element elementor-element-98369b3 elementor-widget elementor-widget-heading\" data-id=\"98369b3\" data-element_type=\"widget\" data-e-type=\"widget\" data-widget_type=\"heading.default\">\n\t\t\t\t\t<h3 class=\"elementor-heading-title elementor-size-default\">Bargeldloses Hotel<\/h3>\t\t\t\t<\/div>\n\t\t\t\t<div class=\"elementor-element elementor-element-aa299ab elementor-widget elementor-widget-text-editor\" data-id=\"aa299ab\" data-element_type=\"widget\" data-e-type=\"widget\" data-widget_type=\"text-editor.default\">\n\t\t\t\t\t\t\t\t\t<p>Das Heavens Hotel Hoorn ist ein bargeldloses Hotel. Zahlungen k\u00f6nnen ausschlie\u00dflich per EC- oder Kreditkarte erfolgen; Barzahlungen werden nicht akzeptiert. Bei Zahlung mit Kreditkarte wird der Betrag direkt zum Zeitpunkt der Zahlung abgebucht.  <\/p>\t\t\t\t\t\t\t\t<\/div>\n\t\t\t\t<div class=\"elementor-element elementor-element-9772404 elementor-widget elementor-widget-heading\" data-id=\"9772404\" data-element_type=\"widget\" data-e-type=\"widget\" data-widget_type=\"heading.default\">\n\t\t\t\t\t<h3 class=\"elementor-heading-title elementor-size-default\">MwSt.-\u00c4nderungen<\/h3>\t\t\t\t<\/div>\n\t\t\t\t<div class=\"elementor-element elementor-element-59dff98 elementor-widget elementor-widget-text-editor\" data-id=\"59dff98\" data-element_type=\"widget\" data-e-type=\"widget\" data-widget_type=\"text-editor.default\">\n\t\t\t\t\t\t\t\t\t<p>Ab dem 1. Januar 2026 wurde der Mehrwertsteuersatz auf Hotel\u00fcbernachtungen von der Regierung auf 21 % erh\u00f6ht. Diese \u00c4nderung kann dazu f\u00fchren, dass Preise, auch f\u00fcr Reservierungen, die vor diesem Datum vorgenommen wurden, angepasst werden. Eventuelle Preisunterschiede aufgrund von \u00c4nderungen der Mehrwertsteuers\u00e4tze oder anderer von der Regierung auferlegter Steuern liegen au\u00dferhalb des Einflussbereichs des Heavens Hotel Hoorn und werden entsprechend weiterberechnet. Staatliche Abgaben und Steuern k\u00f6nnen jederzeit von den zust\u00e4ndigen Beh\u00f6rden ge\u00e4ndert werden.   <\/p>\t\t\t\t\t\t\t\t<\/div>\n\t\t\t\t<div class=\"elementor-element elementor-element-ba5609d elementor-widget elementor-widget-heading\" data-id=\"ba5609d\" data-element_type=\"widget\" data-e-type=\"widget\" data-widget_type=\"heading.default\">\n\t\t\t\t\t<h3 class=\"elementor-heading-title elementor-size-default\">Preiskorrekturen<\/h3>\t\t\t\t<\/div>\n\t\t\t\t<div class=\"elementor-element elementor-element-1dfcf55 elementor-widget elementor-widget-text-editor\" data-id=\"1dfcf55\" data-element_type=\"widget\" data-e-type=\"widget\" data-widget_type=\"text-editor.default\">\n\t\t\t\t\t\t\t\t\t<p>Das Heavens Hotel Hoorn beh\u00e4lt sich das Recht vor, Reservierungen zu korrigieren oder zu stornieren, wenn ein offensichtlicher Fehler in Preisen, Tarifen oder anderen Reservierungsinformationen aufgrund eines System-, Publikations- oder Verwaltungsfehlers vorliegt. In solchen F\u00e4llen wird der Gast so schnell wie m\u00f6glich, sp\u00e4testens jedoch innerhalb von 7 Tagen nach der Reservierung, informiert. Der Gast hat in diesem Fall das Recht, die Reservierung kostenlos zu stornieren.  <\/p>\t\t\t\t\t\t\t\t<\/div>\n\t\t\t\t<div class=\"elementor-element elementor-element-9c931ef elementor-widget elementor-widget-heading\" data-id=\"9c931ef\" data-element_type=\"widget\" data-e-type=\"widget\" data-widget_type=\"heading.default\">\n\t\t\t\t\t<h3 class=\"elementor-heading-title elementor-size-default\">Haftung und Sch\u00e4den<\/h3>\t\t\t\t<\/div>\n\t\t\t\t<div class=\"elementor-element elementor-element-2d1def5 elementor-widget elementor-widget-text-editor\" data-id=\"2d1def5\" data-element_type=\"widget\" data-e-type=\"widget\" data-widget_type=\"text-editor.default\">\n\t\t\t\t\t\t\t\t\t<p>Das Heavens Hotel Hoorn haftet nicht f\u00fcr Verlust, Diebstahl oder Besch\u00e4digung von pers\u00f6nlichen Gegenst\u00e4nden der G\u00e4ste, es sei denn, es liegt Vorsatz oder grobe Fahrl\u00e4ssigkeit vor. Eventuelle Sch\u00e4den, die der Gast an Zimmern, Inventar oder Gemeinschaftsr\u00e4umen verursacht, k\u00f6nnen dem Gast in Rechnung gestellt werden. <\/p>\t\t\t\t\t\t\t\t<\/div>\n\t\t\t\t<div class=\"elementor-element elementor-element-b72a251 elementor-widget elementor-widget-heading\" data-id=\"b72a251\" data-element_type=\"widget\" data-e-type=\"widget\" data-widget_type=\"heading.default\">\n\t\t\t\t\t<h3 class=\"elementor-heading-title elementor-size-default\">H\u00f6here Gewalt<\/h3>\t\t\t\t<\/div>\n\t\t\t\t<div class=\"elementor-element elementor-element-aa62aaa elementor-widget elementor-widget-text-editor\" data-id=\"aa62aaa\" data-element_type=\"widget\" data-e-type=\"widget\" data-widget_type=\"text-editor.default\">\n\t\t\t\t\t\t\t\t\t<p>Das Heavens Hotel Hoorn ist nicht verpflichtet, irgendeine Verpflichtung zu erf\u00fcllen, wenn dies aufgrund h\u00f6herer Gewalt verhindert wird. Unter h\u00f6herer Gewalt werden unter anderem verstanden: St\u00f6rungen in der Energieversorgung, Ausfall von Internet oder technischen Systemen, staatliche Ma\u00dfnahmen, Naturkatastrophen, Epidemien, Streiks, Feuer, Wassersch\u00e4den und andere Umst\u00e4nde au\u00dferhalb des Einflussbereichs des Hotels. Im Falle h\u00f6herer Gewalt kann das Heavens Hotel Hoorn die Ausf\u00fchrung des Vertrags aussetzen oder beenden. Soweit m\u00f6glich, wird sich das Hotel bem\u00fchen, gemeinsam mit dem Gast eine passende L\u00f6sung zu finden.   <\/p>\t\t\t\t\t\t\t\t<\/div>\n\t\t\t\t<div class=\"elementor-element elementor-element-6b477fd elementor-widget elementor-widget-heading\" data-id=\"6b477fd\" data-element_type=\"widget\" data-e-type=\"widget\" data-widget_type=\"heading.default\">\n\t\t\t\t\t<h3 class=\"elementor-heading-title elementor-size-default\">Verhaltens- und Hausregeln<\/h3>\t\t\t\t<\/div>\n\t\t\t\t<div class=\"elementor-element elementor-element-d8a46cc elementor-widget elementor-widget-text-editor\" data-id=\"d8a46cc\" data-element_type=\"widget\" data-e-type=\"widget\" data-widget_type=\"text-editor.default\">\n\t\t\t\t\t\t\t\t\t<p>Wir streben einen angenehmen und entspannten Aufenthalt f\u00fcr alle unsere G\u00e4ste an. Deshalb bitten wir unsere G\u00e4ste, R\u00fccksicht auf andere G\u00e4ste, Mitarbeiter und Anwohner zu nehmen. L\u00e4rmbel\u00e4stigung, st\u00f6rendes oder unerw\u00fcnschtes Verhalten innerhalb des Hotels oder in der unmittelbaren Umgebung ist nicht gestattet. Das Heavens Hotel Hoorn beh\u00e4lt sich das Recht vor, bei Verst\u00f6\u00dfen gegen die Hausordnung angemessene Ma\u00dfnahmen zu ergreifen, einschlie\u00dflich des Verweigerung des weiteren Zugangs zum Hotel, ohne R\u00fcckerstattung bereits gezahlter Betr\u00e4ge.   <\/p>\t\t\t\t\t\t\t\t<\/div>\n\t\t\t\t<div class=\"elementor-element elementor-element-10c8ee3 elementor-widget elementor-widget-heading\" data-id=\"10c8ee3\" data-element_type=\"widget\" data-e-type=\"widget\" data-widget_type=\"heading.default\">\n\t\t\t\t\t<h3 class=\"elementor-heading-title elementor-size-default\">Rauchfreies Hotel<\/h3>\t\t\t\t<\/div>\n\t\t\t\t<div class=\"elementor-element elementor-element-9cdb1ee elementor-widget elementor-widget-text-editor\" data-id=\"9cdb1ee\" data-element_type=\"widget\" data-e-type=\"widget\" data-widget_type=\"text-editor.default\">\n\t\t\t\t\t\t\t\t\t<p>Das Heavens Hotel Hoorn ist ein vollst\u00e4ndig rauchfreies Hotel. Das Rauchen ist in den Hotelzimmern, Badezimmern und allen anderen Innenr\u00e4umen nicht gestattet. Wenn festgestellt wird, dass entgegen dieser Richtlinie geraucht wurde, beh\u00e4lt sich das Hotel das Recht vor, zus\u00e4tzliche Reinigungs- und Reparaturkosten in Rechnung zu stellen, auch im Hinblick auf Brandschutz und Komfort anderer G\u00e4ste.  <\/p>\t\t\t\t\t\t\t\t<\/div>\n\t\t\t\t<div class=\"elementor-element elementor-element-671275d elementor-widget elementor-widget-heading\" data-id=\"671275d\" data-element_type=\"widget\" data-e-type=\"widget\" data-widget_type=\"heading.default\">\n\t\t\t\t\t<h3 class=\"elementor-heading-title elementor-size-default\">Anwendbares Recht<\/h3>\t\t\t\t<\/div>\n\t\t\t\t<div class=\"elementor-element elementor-element-ccda59e elementor-widget elementor-widget-text-editor\" data-id=\"ccda59e\" data-element_type=\"widget\" data-e-type=\"widget\" data-widget_type=\"text-editor.default\">\n\t\t\t\t\t\t\t\t\t<p>Auf die Vereinbarungen zwischen dem Heavens Hotel Hoorn und seinen G\u00e4sten findet niederl\u00e4ndisches Recht Anwendung.<\/p>\t\t\t\t\t\t\t\t<\/div>\n\t\t\t\t<div class=\"elementor-element elementor-element-4b39d2d elementor-widget elementor-widget-heading\" data-id=\"4b39d2d\" data-element_type=\"widget\" data-e-type=\"widget\" data-widget_type=\"heading.default\">\n\t\t\t\t\t<h3 class=\"elementor-heading-title elementor-size-default\">Kontakt<\/h3>\t\t\t\t<\/div>\n\t\t\t\t<div class=\"elementor-element elementor-element-90d9fa2 elementor-widget elementor-widget-text-editor\" data-id=\"90d9fa2\" data-element_type=\"widget\" data-e-type=\"widget\" data-widget_type=\"text-editor.default\">\n\t\t\t\t\t\t\t\t\t<p>F\u00fcr Fragen, Anmerkungen oder zus\u00e4tzliche Informationen k\u00f6nnen Sie sich an das Heavens Hotel Hoorn unter info@heavenshotelhoorn.com wenden. Wir helfen Ihnen gerne weiter.<\/p>\t\t\t\t\t\t\t\t<\/div>\n\t\t\t\t\t<\/div>\n\t\t\t\t<\/div>\n\t\t\t\t<\/div>\n\t\t","protected":false},"excerpt":{"rendered":"<p>Allgemeine Gesch\u00e4ftsbedingungen Stornierungs- und Zusatzbedingungen Hotelinformationen Check-in Der Check-in im Heavens Hotel Hoorn ist garantiert ab 15:00 Uhr m\u00f6glich. In einigen F\u00e4llen ist ein fr\u00fcherer Check-in je nach Verf\u00fcgbarkeit m\u00f6glich. Dies kann bedeuten, dass Sie eine andere Zimmerkategorie nutzen, f\u00fcr die ein Aufpreis oder ein Upgrade anf\u00e4llt. Unser Team informiert Sie gerne bei Ihrer Ankunft [&hellip;]<\/p>\n","protected":false},"author":1,"featured_media":0,"parent":0,"menu_order":0,"comment_status":"closed","ping_status":"closed","template":"","meta":{"footnotes":""},"class_list":["post-4695","page","type-page","status-publish","hentry"],"yoast_head":"<!-- This site is optimized with the Yoast SEO plugin v27.2 - https:\/\/yoast.com\/product\/yoast-seo-wordpress\/ -->\n<title>Allgemeine Gesch\u00e4ftsbedingungen -<\/title>\n<meta name=\"robots\" content=\"noindex, follow, max-snippet:-1, max-image-preview:large, max-video-preview:-1\" \/>\n<meta property=\"og:locale\" content=\"de_DE\" \/>\n<meta property=\"og:type\" content=\"article\" \/>\n<meta property=\"og:title\" content=\"Allgemeine Gesch\u00e4ftsbedingungen -\" \/>\n<meta property=\"og:description\" content=\"Allgemeine Gesch\u00e4ftsbedingungen Stornierungs- und Zusatzbedingungen Hotelinformationen Check-in Der Check-in im Heavens Hotel Hoorn ist garantiert ab 15:00 Uhr m\u00f6glich. In einigen F\u00e4llen ist ein fr\u00fcherer Check-in je nach Verf\u00fcgbarkeit m\u00f6glich. Dies kann bedeuten, dass Sie eine andere Zimmerkategorie nutzen, f\u00fcr die ein Aufpreis oder ein Upgrade anf\u00e4llt. Unser Team informiert Sie gerne bei Ihrer Ankunft [&hellip;]\" \/>\n<meta property=\"og:url\" content=\"https:\/\/heavenshotelproject.heavenshotelhoorn.com\/de\/allgemeine-geschaeftsbedingungen\/\" \/>\n<meta property=\"article:modified_time\" content=\"2026-02-05T00:25:47+00:00\" \/>\n<meta name=\"twitter:card\" content=\"summary_large_image\" \/>\n<meta name=\"twitter:label1\" content=\"Gesch\u00e4tzte Lesezeit\" \/>\n\t<meta name=\"twitter:data1\" content=\"5\u00a0Minuten\" \/>\n<script type=\"application\/ld+json\" class=\"yoast-schema-graph\">{\"@context\":\"https:\/\/schema.org\",\"@graph\":[{\"@type\":\"WebPage\",\"@id\":\"https:\/\/heavenshotelproject.heavenshotelhoorn.com\/de\/allgemeine-geschaeftsbedingungen\/\",\"url\":\"https:\/\/heavenshotelproject.heavenshotelhoorn.com\/de\/allgemeine-geschaeftsbedingungen\/\",\"name\":\"Allgemeine Gesch\u00e4ftsbedingungen -\",\"isPartOf\":{\"@id\":\"https:\/\/heavenshotelproject.heavenshotelhoorn.com\/de\/#website\"},\"datePublished\":\"2026-01-13T11:44:24+00:00\",\"dateModified\":\"2026-02-05T00:25:47+00:00\",\"breadcrumb\":{\"@id\":\"https:\/\/heavenshotelproject.heavenshotelhoorn.com\/de\/allgemeine-geschaeftsbedingungen\/#breadcrumb\"},\"inLanguage\":\"de\",\"potentialAction\":[{\"@type\":\"ReadAction\",\"target\":[\"https:\/\/heavenshotelproject.heavenshotelhoorn.com\/de\/allgemeine-geschaeftsbedingungen\/\"]}]},{\"@type\":\"BreadcrumbList\",\"@id\":\"https:\/\/heavenshotelproject.heavenshotelhoorn.com\/de\/allgemeine-geschaeftsbedingungen\/#breadcrumb\",\"itemListElement\":[{\"@type\":\"ListItem\",\"position\":1,\"name\":\"Home\",\"item\":\"https:\/\/heavenshotelproject.heavenshotelhoorn.com\/de\/\"},{\"@type\":\"ListItem\",\"position\":2,\"name\":\"Allgemeine Gesch\u00e4ftsbedingungen\"}]},{\"@type\":\"WebSite\",\"@id\":\"https:\/\/heavenshotelproject.heavenshotelhoorn.com\/de\/#website\",\"url\":\"https:\/\/heavenshotelproject.heavenshotelhoorn.com\/de\/\",\"name\":\"\",\"description\":\"\",\"potentialAction\":[{\"@type\":\"SearchAction\",\"target\":{\"@type\":\"EntryPoint\",\"urlTemplate\":\"https:\/\/heavenshotelproject.heavenshotelhoorn.com\/de\/?s={search_term_string}\"},\"query-input\":{\"@type\":\"PropertyValueSpecification\",\"valueRequired\":true,\"valueName\":\"search_term_string\"}}],\"inLanguage\":\"de\"}]}<\/script>\n<!-- \/ Yoast SEO plugin. -->","yoast_head_json":{"title":"Allgemeine Gesch\u00e4ftsbedingungen -","robots":{"index":"noindex","follow":"follow","max-snippet":"max-snippet:-1","max-image-preview":"max-image-preview:large","max-video-preview":"max-video-preview:-1"},"og_locale":"de_DE","og_type":"article","og_title":"Allgemeine Gesch\u00e4ftsbedingungen -","og_description":"Allgemeine Gesch\u00e4ftsbedingungen Stornierungs- und Zusatzbedingungen Hotelinformationen Check-in Der Check-in im Heavens Hotel Hoorn ist garantiert ab 15:00 Uhr m\u00f6glich. In einigen F\u00e4llen ist ein fr\u00fcherer Check-in je nach Verf\u00fcgbarkeit m\u00f6glich. Dies kann bedeuten, dass Sie eine andere Zimmerkategorie nutzen, f\u00fcr die ein Aufpreis oder ein Upgrade anf\u00e4llt. Unser Team informiert Sie gerne bei Ihrer Ankunft [&hellip;]","og_url":"https:\/\/heavenshotelproject.heavenshotelhoorn.com\/de\/allgemeine-geschaeftsbedingungen\/","article_modified_time":"2026-02-05T00:25:47+00:00","twitter_card":"summary_large_image","twitter_misc":{"Gesch\u00e4tzte Lesezeit":"5\u00a0Minuten"},"schema":{"@context":"https:\/\/schema.org","@graph":[{"@type":"WebPage","@id":"https:\/\/heavenshotelproject.heavenshotelhoorn.com\/de\/allgemeine-geschaeftsbedingungen\/","url":"https:\/\/heavenshotelproject.heavenshotelhoorn.com\/de\/allgemeine-geschaeftsbedingungen\/","name":"Allgemeine Gesch\u00e4ftsbedingungen -","isPartOf":{"@id":"https:\/\/heavenshotelproject.heavenshotelhoorn.com\/de\/#website"},"datePublished":"2026-01-13T11:44:24+00:00","dateModified":"2026-02-05T00:25:47+00:00","breadcrumb":{"@id":"https:\/\/heavenshotelproject.heavenshotelhoorn.com\/de\/allgemeine-geschaeftsbedingungen\/#breadcrumb"},"inLanguage":"de","potentialAction":[{"@type":"ReadAction","target":["https:\/\/heavenshotelproject.heavenshotelhoorn.com\/de\/allgemeine-geschaeftsbedingungen\/"]}]},{"@type":"BreadcrumbList","@id":"https:\/\/heavenshotelproject.heavenshotelhoorn.com\/de\/allgemeine-geschaeftsbedingungen\/#breadcrumb","itemListElement":[{"@type":"ListItem","position":1,"name":"Home","item":"https:\/\/heavenshotelproject.heavenshotelhoorn.com\/de\/"},{"@type":"ListItem","position":2,"name":"Allgemeine Gesch\u00e4ftsbedingungen"}]},{"@type":"WebSite","@id":"https:\/\/heavenshotelproject.heavenshotelhoorn.com\/de\/#website","url":"https:\/\/heavenshotelproject.heavenshotelhoorn.com\/de\/","name":"","description":"","potentialAction":[{"@type":"SearchAction","target":{"@type":"EntryPoint","urlTemplate":"https:\/\/heavenshotelproject.heavenshotelhoorn.com\/de\/?s={search_term_string}"},"query-input":{"@type":"PropertyValueSpecification","valueRequired":true,"valueName":"search_term_string"}}],"inLanguage":"de"}]}},"_links":{"self":[{"href":"https:\/\/heavenshotelproject.heavenshotelhoorn.com\/de\/wp-json\/wp\/v2\/pages\/4695","targetHints":{"allow":["GET"]}}],"collection":[{"href":"https:\/\/heavenshotelproject.heavenshotelhoorn.com\/de\/wp-json\/wp\/v2\/pages"}],"about":[{"href":"https:\/\/heavenshotelproject.heavenshotelhoorn.com\/de\/wp-json\/wp\/v2\/types\/page"}],"author":[{"embeddable":true,"href":"https:\/\/heavenshotelproject.heavenshotelhoorn.com\/de\/wp-json\/wp\/v2\/users\/1"}],"replies":[{"embeddable":true,"href":"https:\/\/heavenshotelproject.heavenshotelhoorn.com\/de\/wp-json\/wp\/v2\/comments?post=4695"}],"version-history":[{"count":3,"href":"https:\/\/heavenshotelproject.heavenshotelhoorn.com\/de\/wp-json\/wp\/v2\/pages\/4695\/revisions"}],"predecessor-version":[{"id":5344,"href":"https:\/\/heavenshotelproject.heavenshotelhoorn.com\/de\/wp-json\/wp\/v2\/pages\/4695\/revisions\/5344"}],"wp:attachment":[{"href":"https:\/\/heavenshotelproject.heavenshotelhoorn.com\/de\/wp-json\/wp\/v2\/media?parent=4695"}],"curies":[{"name":"wp","href":"https:\/\/api.w.org\/{rel}","templated":true}]}}