{"id":4693,"date":"2025-12-04T14:16:42","date_gmt":"2025-12-04T14:16:42","guid":{"rendered":"https:\/\/heavenshotelproject.heavenshotelhoorn.com\/stellenangebote\/"},"modified":"2026-02-05T00:24:53","modified_gmt":"2026-02-05T00:24:53","slug":"stellenangebote","status":"publish","type":"page","link":"https:\/\/heavenshotelproject.heavenshotelhoorn.com\/de\/stellenangebote\/","title":{"rendered":"Stellenangebote"},"content":{"rendered":"\t\t<div data-elementor-type=\"wp-page\" data-elementor-id=\"4693\" class=\"elementor elementor-4693 elementor-2655\" data-elementor-post-type=\"page\">\n\t\t\t\t<div class=\"elementor-element elementor-element-9785acb e-flex e-con-boxed e-con e-parent\" data-id=\"9785acb\" data-element_type=\"container\" data-e-type=\"container\" data-settings=\"{&quot;background_background&quot;:&quot;classic&quot;}\">\n\t\t\t\t\t<div class=\"e-con-inner\">\n\t\t\t\t\t<\/div>\n\t\t\t\t<\/div>\n\t\t<div class=\"elementor-element elementor-element-16589a1 e-flex e-con-boxed e-con e-parent\" data-id=\"16589a1\" data-element_type=\"container\" data-e-type=\"container\" data-settings=\"{&quot;background_background&quot;:&quot;classic&quot;}\">\n\t\t\t\t\t<div class=\"e-con-inner\">\n\t\t<div class=\"elementor-element elementor-element-ee4323a e-con-full e-flex e-con e-child\" data-id=\"ee4323a\" data-element_type=\"container\" data-e-type=\"container\">\n\t\t\t\t<\/div>\n\t\t<div class=\"elementor-element elementor-element-c629767 e-con-full e-flex e-con e-child\" data-id=\"c629767\" data-element_type=\"container\" data-e-type=\"container\">\n\t\t\t\t<div class=\"elementor-element elementor-element-5e4954e elementor-widget elementor-widget-heading\" data-id=\"5e4954e\" data-element_type=\"widget\" data-e-type=\"widget\" data-widget_type=\"heading.default\">\n\t\t\t\t\t<h1 class=\"elementor-heading-title elementor-size-default\">Arbeiten bei Heavens <\/h1>\t\t\t\t<\/div>\n\t\t\t\t<div class=\"elementor-element elementor-element-18ca8f0 elementor-widget elementor-widget-heading\" data-id=\"18ca8f0\" data-element_type=\"widget\" data-e-type=\"widget\" data-widget_type=\"heading.default\">\n\t\t\t\t\t<h2 class=\"elementor-heading-title elementor-size-default\">Kommen Sie und arbeiten Sie im sch\u00f6nsten Hotel von Hoorn<\/h2>\t\t\t\t<\/div>\n\t\t\t\t<div class=\"elementor-element elementor-element-f8a1f77 elementor-widget elementor-widget-text-editor\" data-id=\"f8a1f77\" data-element_type=\"widget\" data-e-type=\"widget\" data-widget_type=\"text-editor.default\">\n\t\t\t\t\t\t\t\t\t<p>Sind Sie auf der Suche nach einer Stelle im Gastgewerbe mit einem einzigartigen und historischen Erlebnis in himmlischer H\u00f6he im Herzen von Hoorn? Dies ist unter dem Schieferdach des Nationaldenkmals der Grote Kerk m\u00f6glich, wo unser Hotel Heavens entwickelt wird. Umgeben von der reichen Geschichte dieser ehemaligen VOC-Stadt in Westfriesland. Unsere G\u00e4ste \u00fcbernachten in einem der 43 luxuri\u00f6sen Zimmer und entdecken die g\u00f6ttlichen Geschm\u00e4cker in unserem Partnerrestaurant The Saint. Ein himmlisches Ziel f\u00fcr ein sch\u00f6nes Arbeitsumfeld.<\/p>\t\t\t\t\t\t\t\t<\/div>\n\t\t\t\t<\/div>\n\t\t<div class=\"elementor-element elementor-element-de705b4 e-con-full e-flex e-con e-child\" data-id=\"de705b4\" data-element_type=\"container\" data-e-type=\"container\">\n\t\t\t\t<\/div>\n\t\t\t\t\t<\/div>\n\t\t\t\t<\/div>\n\t\t<div class=\"elementor-element elementor-element-e1454d7 e-flex e-con-boxed e-con e-parent\" data-id=\"e1454d7\" data-element_type=\"container\" data-e-type=\"container\" data-settings=\"{&quot;background_background&quot;:&quot;classic&quot;}\">\n\t\t\t\t\t<div class=\"e-con-inner\">\n\t\t<div class=\"elementor-element elementor-element-c0f8eaf e-con-full e-flex e-con e-child\" data-id=\"c0f8eaf\" data-element_type=\"container\" data-e-type=\"container\" data-settings=\"{&quot;background_background&quot;:&quot;classic&quot;}\">\n\t\t\t\t<div class=\"elementor-element elementor-element-492f82c elementor-widget elementor-widget-image\" data-id=\"492f82c\" data-element_type=\"widget\" data-e-type=\"widget\" data-widget_type=\"image.default\">\n\t\t\t\t\t\t\t\t\t\t\t\t\t\t\t<img fetchpriority=\"high\" decoding=\"async\" width=\"790\" height=\"1024\" src=\"https:\/\/heavenshotelproject.heavenshotelhoorn.com\/wp-content\/uploads\/2025\/12\/Schermafbeelding-2025-12-04-154935-converted-from-png-790x1024.webp\" class=\"attachment-large size-large wp-image-4692\" alt=\"Arbeiten im Heavens Hotel Hoorn\" srcset=\"https:\/\/heavenshotelproject.heavenshotelhoorn.com\/wp-content\/uploads\/2025\/12\/Schermafbeelding-2025-12-04-154935-converted-from-png-790x1024.webp 790w, https:\/\/heavenshotelproject.heavenshotelhoorn.com\/wp-content\/uploads\/2025\/12\/Schermafbeelding-2025-12-04-154935-converted-from-png-231x300.webp 231w, https:\/\/heavenshotelproject.heavenshotelhoorn.com\/wp-content\/uploads\/2025\/12\/Schermafbeelding-2025-12-04-154935-converted-from-png-768x996.webp 768w, https:\/\/heavenshotelproject.heavenshotelhoorn.com\/wp-content\/uploads\/2025\/12\/Schermafbeelding-2025-12-04-154935-converted-from-png-1184x1536.webp 1184w, https:\/\/heavenshotelproject.heavenshotelhoorn.com\/wp-content\/uploads\/2025\/12\/Schermafbeelding-2025-12-04-154935-converted-from-png.webp 1340w\" sizes=\"(max-width: 790px) 100vw, 790px\" \/>\t\t\t\t\t\t\t\t\t\t\t\t\t\t\t<\/div>\n\t\t\t\t<\/div>\n\t\t<div class=\"elementor-element elementor-element-355f702 e-con-full e-flex e-con e-child\" data-id=\"355f702\" data-element_type=\"container\" data-e-type=\"container\" data-settings=\"{&quot;background_background&quot;:&quot;classic&quot;}\">\n\t\t\t\t<div class=\"elementor-element elementor-element-eb3728a elementor-widget elementor-widget-heading\" data-id=\"eb3728a\" data-element_type=\"widget\" data-e-type=\"widget\" data-widget_type=\"heading.default\">\n\t\t\t\t\t<h2 class=\"elementor-heading-title elementor-size-default\">Initiativbewerbung<\/h2>\t\t\t\t<\/div>\n\t\t\t\t<div class=\"elementor-element elementor-element-b253d07 elementor-mobile-align-start elementor-icon-list--layout-traditional elementor-list-item-link-full_width elementor-widget elementor-widget-icon-list\" data-id=\"b253d07\" data-element_type=\"widget\" data-e-type=\"widget\" data-widget_type=\"icon-list.default\">\n\t\t\t\t\t\t\t<ul class=\"elementor-icon-list-items\">\n\t\t\t\t\t\t\t<li class=\"elementor-icon-list-item\">\n\t\t\t\t\t\t\t\t\t\t\t<span class=\"elementor-icon-list-icon\">\n\t\t\t\t\t\t\t<svg aria-hidden=\"true\" class=\"e-font-icon-svg e-far-bell\" viewBox=\"0 0 448 512\" xmlns=\"http:\/\/www.w3.org\/2000\/svg\"><path d=\"M439.39 362.29c-19.32-20.76-55.47-51.99-55.47-154.29 0-77.7-54.48-139.9-127.94-155.16V32c0-17.67-14.32-32-31.98-32s-31.98 14.33-31.98 32v20.84C118.56 68.1 64.08 130.3 64.08 208c0 102.3-36.15 133.53-55.47 154.29-6 6.45-8.66 14.16-8.61 21.71.11 16.4 12.98 32 32.1 32h383.8c19.12 0 32-15.6 32.1-32 .05-7.55-2.61-15.27-8.61-21.71zM67.53 368c21.22-27.97 44.42-74.33 44.53-159.42 0-.2-.06-.38-.06-.58 0-61.86 50.14-112 112-112s112 50.14 112 112c0 .2-.06.38-.06.58.11 85.1 23.31 131.46 44.53 159.42H67.53zM224 512c35.32 0 63.97-28.65 63.97-64H160.03c0 35.35 28.65 64 63.97 64z\"><\/path><\/svg>\t\t\t\t\t\t<\/span>\n\t\t\t\t\t\t\t\t\t\t<span class=\"elementor-icon-list-text\">Im Moment haben wir keine offenen Stellen<\/span>\n\t\t\t\t\t\t\t\t\t<\/li>\n\t\t\t\t\t\t<\/ul>\n\t\t\t\t\t\t<\/div>\n\t\t\t\t<div class=\"elementor-element elementor-element-26f39b0 elementor-widget elementor-widget-text-editor\" data-id=\"26f39b0\" data-element_type=\"widget\" data-e-type=\"widget\" data-widget_type=\"text-editor.default\">\n\t\t\t\t\t\t\t\t\t<p>Ist Ihr idealer Job nicht dabei, aber Sie suchen einen tollen Job in unserem Unternehmen, senden Sie uns bitte eine Initiativbewerbung \u00fcber das untenstehende Formular: <\/p>\t\t\t\t\t\t\t\t<\/div>\n\t\t\t\t<\/div>\n\t\t\t\t\t<\/div>\n\t\t\t\t<\/div>\n\t\t<div class=\"elementor-element elementor-element-2935e4c e-flex e-con-boxed e-con e-parent\" data-id=\"2935e4c\" data-element_type=\"container\" data-e-type=\"container\" data-settings=\"{&quot;background_background&quot;:&quot;classic&quot;}\">\n\t\t\t\t\t<div class=\"e-con-inner\">\n\t\t\t\t<div class=\"elementor-element elementor-element-53f2411 elementor-widget elementor-widget-heading\" data-id=\"53f2411\" data-element_type=\"widget\" data-e-type=\"widget\" data-widget_type=\"heading.default\">\n\t\t\t\t\t<h2 class=\"elementor-heading-title elementor-size-default\">Bewerbungsformular<\/h2>\t\t\t\t<\/div>\n\t\t\t\t<div class=\"elementor-element elementor-element-3203bdf elementor-button-align-start elementor-widget elementor-widget-form\" data-id=\"3203bdf\" data-element_type=\"widget\" data-e-type=\"widget\" data-settings=\"{&quot;button_width&quot;:&quot;50&quot;,&quot;step_next_label&quot;:&quot;N\\u00e4chste&quot;,&quot;step_previous_label&quot;:&quot;Vorherige&quot;,&quot;step_type&quot;:&quot;number_text&quot;,&quot;step_icon_shape&quot;:&quot;circle&quot;}\" data-widget_type=\"form.default\">\n\t\t\t\t\t\t\t<form class=\"elementor-form\" method=\"post\" name=\"Bewerbungsformular\" aria-label=\"Bewerbungsformular\">\n\t\t\t<input type=\"hidden\" name=\"post_id\" value=\"4693\"\/>\n\t\t\t<input type=\"hidden\" name=\"form_id\" value=\"3203bdf\"\/>\n\t\t\t<input type=\"hidden\" name=\"referer_title\" value=\"\" \/>\n\n\t\t\t\n\t\t\t<div class=\"elementor-form-fields-wrapper elementor-labels-above\">\n\t\t\t\t\t\t\t\t<div class=\"elementor-field-type-text elementor-field-group elementor-column elementor-field-group-name elementor-col-40 elementor-field-required elementor-mark-required\">\n\t\t\t\t\t\t\t\t\t\t\t\t<label for=\"form-field-name\" class=\"elementor-field-label\">\n\t\t\t\t\t\t\t\tVorname\t\t\t\t\t\t\t<\/label>\n\t\t\t\t\t\t\t\t\t\t\t\t\t\t<input size=\"1\" type=\"text\" name=\"form_fields[name]\" id=\"form-field-name\" class=\"elementor-field elementor-size-sm  elementor-field-textual\" placeholder=\"Vorname\" required=\"required\">\n\t\t\t\t\t\t\t\t\t\t\t<\/div>\n\t\t\t\t\t\t\t\t<div class=\"elementor-field-type-text elementor-field-group elementor-column elementor-field-group-field_4dba1f8 elementor-col-40 elementor-field-required elementor-mark-required\">\n\t\t\t\t\t\t\t\t\t\t\t\t<label for=\"form-field-field_4dba1f8\" class=\"elementor-field-label\">\n\t\t\t\t\t\t\t\tNachname\t\t\t\t\t\t\t<\/label>\n\t\t\t\t\t\t\t\t\t\t\t\t\t\t<input size=\"1\" type=\"text\" name=\"form_fields[field_4dba1f8]\" id=\"form-field-field_4dba1f8\" class=\"elementor-field elementor-size-sm  elementor-field-textual\" placeholder=\"Nachname\" required=\"required\">\n\t\t\t\t\t\t\t\t\t\t\t<\/div>\n\t\t\t\t\t\t\t\t<div class=\"elementor-field-type-email elementor-field-group elementor-column elementor-field-group-email elementor-col-80 elementor-field-required elementor-mark-required\">\n\t\t\t\t\t\t\t\t\t\t\t\t<label for=\"form-field-email\" class=\"elementor-field-label\">\n\t\t\t\t\t\t\t\tE-Mail\t\t\t\t\t\t\t<\/label>\n\t\t\t\t\t\t\t\t\t\t\t\t\t\t<input size=\"1\" type=\"email\" name=\"form_fields[email]\" id=\"form-field-email\" class=\"elementor-field elementor-size-sm  elementor-field-textual\" placeholder=\"E-Mail\" required=\"required\">\n\t\t\t\t\t\t\t\t\t\t\t<\/div>\n\t\t\t\t\t\t\t\t<div class=\"elementor-field-type-tel elementor-field-group elementor-column elementor-field-group-field_4bbf84e elementor-col-40 elementor-field-required elementor-mark-required\">\n\t\t\t\t\t\t\t\t\t\t\t\t<label for=\"form-field-field_4bbf84e\" class=\"elementor-field-label\">\n\t\t\t\t\t\t\t\tTelefonnummer\t\t\t\t\t\t\t<\/label>\n\t\t\t\t\t\t\t\t<input size=\"1\" type=\"tel\" name=\"form_fields[field_4bbf84e]\" id=\"form-field-field_4bbf84e\" class=\"elementor-field elementor-size-sm  elementor-field-textual\" placeholder=\"Telefonnummer\" required=\"required\" pattern=\"[0-9()#&amp;+*-=.]+\" title=\"Nur Nummern oder Telefon-Zeichen (#, -, *, etc) werden akzeptiert.\">\n\n\t\t\t\t\t\t<\/div>\n\t\t\t\t\t\t\t\t<div class=\"elementor-field-type-upload elementor-field-group elementor-column elementor-field-group-field_1786dc2 elementor-col-80\">\n\t\t\t\t\t\t\t\t\t\t\t\t<label for=\"form-field-field_1786dc2\" class=\"elementor-field-label\">\n\t\t\t\t\t\t\t\tLebenslauf\t\t\t\t\t\t\t<\/label>\n\t\t\t\t\t\t\t\t<input type=\"file\" name=\"form_fields[field_1786dc2][]\" id=\"form-field-field_1786dc2\" class=\"elementor-field elementor-size-sm  elementor-upload-field\" multiple=\"multiple\">\n\n\t\t\t\t\t\t<\/div>\n\t\t\t\t\t\t\t\t<div class=\"elementor-field-type-upload elementor-field-group elementor-column elementor-field-group-field_ef08c50 elementor-col-80\">\n\t\t\t\t\t\t\t\t\t\t\t\t<label for=\"form-field-field_ef08c50\" class=\"elementor-field-label\">\n\t\t\t\t\t\t\t\tMotivation\t\t\t\t\t\t\t<\/label>\n\t\t\t\t\t\t\t\t<input type=\"file\" name=\"form_fields[field_ef08c50][]\" id=\"form-field-field_ef08c50\" class=\"elementor-field elementor-size-sm  elementor-upload-field\" multiple=\"multiple\">\n\n\t\t\t\t\t\t<\/div>\n\t\t\t\t\t\t\t\t<div class=\"elementor-field-type-textarea elementor-field-group elementor-column elementor-field-group-message elementor-col-80 elementor-field-required elementor-mark-required\">\n\t\t\t\t\t\t\t\t\t\t\t\t<label for=\"form-field-message\" class=\"elementor-field-label\">\n\t\t\t\t\t\t\t\tNachricht\t\t\t\t\t\t\t<\/label>\n\t\t\t\t\t\t<textarea class=\"elementor-field-textual elementor-field  elementor-size-sm\" name=\"form_fields[message]\" id=\"form-field-message\" rows=\"10\" placeholder=\"Nachricht\" required=\"required\"><\/textarea>\t\t\t\t<\/div>\n\t\t\t\t\t\t\t\t<div class=\"elementor-field-group elementor-column elementor-field-type-submit elementor-col-50 e-form__buttons\">\n\t\t\t\t\t<button class=\"elementor-button elementor-size-sm\" type=\"submit\">\n\t\t\t\t\t\t<span class=\"elementor-button-content-wrapper\">\n\t\t\t\t\t\t\t\t\t\t\t\t\t\t\t\t\t\t\t\t\t\t<span class=\"elementor-button-text\">Senden<\/span>\n\t\t\t\t\t\t\t\t\t\t\t\t\t<\/span>\n\t\t\t\t\t<\/button>\n\t\t\t\t<\/div>\n\t\t\t<\/div>\n\t\t<\/form>\n\t\t\t\t\t\t<\/div>\n\t\t\t\t\t<\/div>\n\t\t\t\t<\/div>\n\t\t\t\t<\/div>\n\t\t","protected":false},"excerpt":{"rendered":"<p>Arbeiten bei Heavens Kommen Sie und arbeiten Sie im sch\u00f6nsten Hotel von Hoorn Sind Sie auf der Suche nach einer Stelle im Gastgewerbe mit einem einzigartigen und historischen Erlebnis in himmlischer H\u00f6he im Herzen von Hoorn? Dies ist unter dem Schieferdach des Nationaldenkmals der Grote Kerk m\u00f6glich, wo unser Hotel Heavens entwickelt wird. Umgeben von [&hellip;]<\/p>\n","protected":false},"author":1,"featured_media":0,"parent":0,"menu_order":0,"comment_status":"closed","ping_status":"closed","template":"","meta":{"footnotes":""},"class_list":["post-4693","page","type-page","status-publish","hentry"],"yoast_head":"<!-- This site is optimized with the Yoast SEO plugin v27.2 - https:\/\/yoast.com\/product\/yoast-seo-wordpress\/ -->\n<title>Stellenangebote -<\/title>\n<meta name=\"robots\" content=\"noindex, follow, max-snippet:-1, max-image-preview:large, max-video-preview:-1\" \/>\n<meta property=\"og:locale\" content=\"de_DE\" \/>\n<meta property=\"og:type\" content=\"article\" \/>\n<meta property=\"og:title\" content=\"Stellenangebote -\" \/>\n<meta property=\"og:description\" content=\"Arbeiten bei Heavens Kommen Sie und arbeiten Sie im sch\u00f6nsten Hotel von Hoorn Sind Sie auf der Suche nach einer Stelle im Gastgewerbe mit einem einzigartigen und historischen Erlebnis in himmlischer H\u00f6he im Herzen von Hoorn? Dies ist unter dem Schieferdach des Nationaldenkmals der Grote Kerk m\u00f6glich, wo unser Hotel Heavens entwickelt wird. Umgeben von [&hellip;]\" \/>\n<meta property=\"og:url\" content=\"https:\/\/heavenshotelproject.heavenshotelhoorn.com\/de\/stellenangebote\/\" \/>\n<meta property=\"article:modified_time\" content=\"2026-02-05T00:24:53+00:00\" \/>\n<meta property=\"og:image\" content=\"https:\/\/heavenshotelproject.heavenshotelhoorn.com\/wp-content\/uploads\/2025\/12\/Schermafbeelding-2025-12-04-154935-converted-from-png-790x1024.webp\" \/>\n<meta name=\"twitter:card\" content=\"summary_large_image\" \/>\n<meta name=\"twitter:label1\" content=\"Gesch\u00e4tzte Lesezeit\" \/>\n\t<meta name=\"twitter:data1\" content=\"1\u00a0Minute\" \/>\n<script type=\"application\/ld+json\" class=\"yoast-schema-graph\">{\"@context\":\"https:\/\/schema.org\",\"@graph\":[{\"@type\":\"WebPage\",\"@id\":\"https:\/\/heavenshotelproject.heavenshotelhoorn.com\/de\/stellenangebote\/\",\"url\":\"https:\/\/heavenshotelproject.heavenshotelhoorn.com\/de\/stellenangebote\/\",\"name\":\"Stellenangebote -\",\"isPartOf\":{\"@id\":\"https:\/\/heavenshotelproject.heavenshotelhoorn.com\/de\/#website\"},\"primaryImageOfPage\":{\"@id\":\"https:\/\/heavenshotelproject.heavenshotelhoorn.com\/de\/stellenangebote\/#primaryimage\"},\"image\":{\"@id\":\"https:\/\/heavenshotelproject.heavenshotelhoorn.com\/de\/stellenangebote\/#primaryimage\"},\"thumbnailUrl\":\"https:\/\/heavenshotelproject.heavenshotelhoorn.com\/wp-content\/uploads\/2025\/12\/Schermafbeelding-2025-12-04-154935-converted-from-png-790x1024.webp\",\"datePublished\":\"2025-12-04T14:16:42+00:00\",\"dateModified\":\"2026-02-05T00:24:53+00:00\",\"breadcrumb\":{\"@id\":\"https:\/\/heavenshotelproject.heavenshotelhoorn.com\/de\/stellenangebote\/#breadcrumb\"},\"inLanguage\":\"de\",\"potentialAction\":[{\"@type\":\"ReadAction\",\"target\":[\"https:\/\/heavenshotelproject.heavenshotelhoorn.com\/de\/stellenangebote\/\"]}]},{\"@type\":\"ImageObject\",\"inLanguage\":\"de\",\"@id\":\"https:\/\/heavenshotelproject.heavenshotelhoorn.com\/de\/stellenangebote\/#primaryimage\",\"url\":\"https:\/\/heavenshotelproject.heavenshotelhoorn.com\/wp-content\/uploads\/2025\/12\/Schermafbeelding-2025-12-04-154935-converted-from-png-790x1024.webp\",\"contentUrl\":\"https:\/\/heavenshotelproject.heavenshotelhoorn.com\/wp-content\/uploads\/2025\/12\/Schermafbeelding-2025-12-04-154935-converted-from-png-790x1024.webp\"},{\"@type\":\"BreadcrumbList\",\"@id\":\"https:\/\/heavenshotelproject.heavenshotelhoorn.com\/de\/stellenangebote\/#breadcrumb\",\"itemListElement\":[{\"@type\":\"ListItem\",\"position\":1,\"name\":\"Home\",\"item\":\"https:\/\/heavenshotelproject.heavenshotelhoorn.com\/de\/\"},{\"@type\":\"ListItem\",\"position\":2,\"name\":\"Stellenangebote\"}]},{\"@type\":\"WebSite\",\"@id\":\"https:\/\/heavenshotelproject.heavenshotelhoorn.com\/de\/#website\",\"url\":\"https:\/\/heavenshotelproject.heavenshotelhoorn.com\/de\/\",\"name\":\"\",\"description\":\"\",\"potentialAction\":[{\"@type\":\"SearchAction\",\"target\":{\"@type\":\"EntryPoint\",\"urlTemplate\":\"https:\/\/heavenshotelproject.heavenshotelhoorn.com\/de\/?s={search_term_string}\"},\"query-input\":{\"@type\":\"PropertyValueSpecification\",\"valueRequired\":true,\"valueName\":\"search_term_string\"}}],\"inLanguage\":\"de\"}]}<\/script>\n<!-- \/ Yoast SEO plugin. -->","yoast_head_json":{"title":"Stellenangebote -","robots":{"index":"noindex","follow":"follow","max-snippet":"max-snippet:-1","max-image-preview":"max-image-preview:large","max-video-preview":"max-video-preview:-1"},"og_locale":"de_DE","og_type":"article","og_title":"Stellenangebote -","og_description":"Arbeiten bei Heavens Kommen Sie und arbeiten Sie im sch\u00f6nsten Hotel von Hoorn Sind Sie auf der Suche nach einer Stelle im Gastgewerbe mit einem einzigartigen und historischen Erlebnis in himmlischer H\u00f6he im Herzen von Hoorn? Dies ist unter dem Schieferdach des Nationaldenkmals der Grote Kerk m\u00f6glich, wo unser Hotel Heavens entwickelt wird. Umgeben von [&hellip;]","og_url":"https:\/\/heavenshotelproject.heavenshotelhoorn.com\/de\/stellenangebote\/","article_modified_time":"2026-02-05T00:24:53+00:00","og_image":[{"url":"https:\/\/heavenshotelproject.heavenshotelhoorn.com\/wp-content\/uploads\/2025\/12\/Schermafbeelding-2025-12-04-154935-converted-from-png-790x1024.webp","type":"","width":"","height":""}],"twitter_card":"summary_large_image","twitter_misc":{"Gesch\u00e4tzte Lesezeit":"1\u00a0Minute"},"schema":{"@context":"https:\/\/schema.org","@graph":[{"@type":"WebPage","@id":"https:\/\/heavenshotelproject.heavenshotelhoorn.com\/de\/stellenangebote\/","url":"https:\/\/heavenshotelproject.heavenshotelhoorn.com\/de\/stellenangebote\/","name":"Stellenangebote -","isPartOf":{"@id":"https:\/\/heavenshotelproject.heavenshotelhoorn.com\/de\/#website"},"primaryImageOfPage":{"@id":"https:\/\/heavenshotelproject.heavenshotelhoorn.com\/de\/stellenangebote\/#primaryimage"},"image":{"@id":"https:\/\/heavenshotelproject.heavenshotelhoorn.com\/de\/stellenangebote\/#primaryimage"},"thumbnailUrl":"https:\/\/heavenshotelproject.heavenshotelhoorn.com\/wp-content\/uploads\/2025\/12\/Schermafbeelding-2025-12-04-154935-converted-from-png-790x1024.webp","datePublished":"2025-12-04T14:16:42+00:00","dateModified":"2026-02-05T00:24:53+00:00","breadcrumb":{"@id":"https:\/\/heavenshotelproject.heavenshotelhoorn.com\/de\/stellenangebote\/#breadcrumb"},"inLanguage":"de","potentialAction":[{"@type":"ReadAction","target":["https:\/\/heavenshotelproject.heavenshotelhoorn.com\/de\/stellenangebote\/"]}]},{"@type":"ImageObject","inLanguage":"de","@id":"https:\/\/heavenshotelproject.heavenshotelhoorn.com\/de\/stellenangebote\/#primaryimage","url":"https:\/\/heavenshotelproject.heavenshotelhoorn.com\/wp-content\/uploads\/2025\/12\/Schermafbeelding-2025-12-04-154935-converted-from-png-790x1024.webp","contentUrl":"https:\/\/heavenshotelproject.heavenshotelhoorn.com\/wp-content\/uploads\/2025\/12\/Schermafbeelding-2025-12-04-154935-converted-from-png-790x1024.webp"},{"@type":"BreadcrumbList","@id":"https:\/\/heavenshotelproject.heavenshotelhoorn.com\/de\/stellenangebote\/#breadcrumb","itemListElement":[{"@type":"ListItem","position":1,"name":"Home","item":"https:\/\/heavenshotelproject.heavenshotelhoorn.com\/de\/"},{"@type":"ListItem","position":2,"name":"Stellenangebote"}]},{"@type":"WebSite","@id":"https:\/\/heavenshotelproject.heavenshotelhoorn.com\/de\/#website","url":"https:\/\/heavenshotelproject.heavenshotelhoorn.com\/de\/","name":"","description":"","potentialAction":[{"@type":"SearchAction","target":{"@type":"EntryPoint","urlTemplate":"https:\/\/heavenshotelproject.heavenshotelhoorn.com\/de\/?s={search_term_string}"},"query-input":{"@type":"PropertyValueSpecification","valueRequired":true,"valueName":"search_term_string"}}],"inLanguage":"de"}]}},"_links":{"self":[{"href":"https:\/\/heavenshotelproject.heavenshotelhoorn.com\/de\/wp-json\/wp\/v2\/pages\/4693","targetHints":{"allow":["GET"]}}],"collection":[{"href":"https:\/\/heavenshotelproject.heavenshotelhoorn.com\/de\/wp-json\/wp\/v2\/pages"}],"about":[{"href":"https:\/\/heavenshotelproject.heavenshotelhoorn.com\/de\/wp-json\/wp\/v2\/types\/page"}],"author":[{"embeddable":true,"href":"https:\/\/heavenshotelproject.heavenshotelhoorn.com\/de\/wp-json\/wp\/v2\/users\/1"}],"replies":[{"embeddable":true,"href":"https:\/\/heavenshotelproject.heavenshotelhoorn.com\/de\/wp-json\/wp\/v2\/comments?post=4693"}],"version-history":[{"count":5,"href":"https:\/\/heavenshotelproject.heavenshotelhoorn.com\/de\/wp-json\/wp\/v2\/pages\/4693\/revisions"}],"predecessor-version":[{"id":5337,"href":"https:\/\/heavenshotelproject.heavenshotelhoorn.com\/de\/wp-json\/wp\/v2\/pages\/4693\/revisions\/5337"}],"wp:attachment":[{"href":"https:\/\/heavenshotelproject.heavenshotelhoorn.com\/de\/wp-json\/wp\/v2\/media?parent=4693"}],"curies":[{"name":"wp","href":"https:\/\/api.w.org\/{rel}","templated":true}]}}