{"id":4683,"date":"2025-12-09T14:51:35","date_gmt":"2025-12-09T14:51:35","guid":{"rendered":"https:\/\/heavenshotelproject.heavenshotelhoorn.com\/datenschutzerklaerung\/"},"modified":"2026-02-05T16:42:17","modified_gmt":"2026-02-05T16:42:17","slug":"privacy-policy","status":"publish","type":"page","link":"https:\/\/heavenshotelproject.heavenshotelhoorn.com\/de\/privacy-policy\/","title":{"rendered":"Datenschutzerkl\u00e4rung"},"content":{"rendered":"\t\t<div data-elementor-type=\"wp-page\" data-elementor-id=\"4683\" class=\"elementor elementor-4683 elementor-2812\" data-elementor-post-type=\"page\">\n\t\t\t\t<div class=\"elementor-element elementor-element-248948c e-con-full e-flex e-con e-parent\" data-id=\"248948c\" data-element_type=\"container\" data-e-type=\"container\" data-settings=\"{&quot;background_background&quot;:&quot;classic&quot;}\">\n\t\t\t\t<\/div>\n\t\t<div class=\"elementor-element elementor-element-8b41c38 e-flex e-con-boxed e-con e-parent\" data-id=\"8b41c38\" data-element_type=\"container\" data-e-type=\"container\" data-settings=\"{&quot;background_background&quot;:&quot;classic&quot;}\">\n\t\t\t\t\t<div class=\"e-con-inner\">\n\t\t\t\t<div class=\"elementor-element elementor-element-ca53f26 elementor-widget elementor-widget-heading\" data-id=\"ca53f26\" data-element_type=\"widget\" data-e-type=\"widget\" data-widget_type=\"heading.default\">\n\t\t\t\t\t<h1 class=\"elementor-heading-title elementor-size-default\">Datenschutzerkl\u00e4rung<\/h1>\t\t\t\t<\/div>\n\t\t\t\t<div class=\"elementor-element elementor-element-9a8aca6 elementor-widget elementor-widget-heading\" data-id=\"9a8aca6\" data-element_type=\"widget\" data-e-type=\"widget\" data-widget_type=\"heading.default\">\n\t\t\t\t\t<h2 class=\"elementor-heading-title elementor-size-default\">IHR DATENSCHUTZ IST UNS WICHTIG<\/h2>\t\t\t\t<\/div>\n\t\t\t\t<div class=\"elementor-element elementor-element-f1ca15a elementor-widget elementor-widget-text-editor\" data-id=\"f1ca15a\" data-element_type=\"widget\" data-e-type=\"widget\" data-widget_type=\"text-editor.default\">\n\t\t\t\t\t\t\t\t\t<p>Es ist die Politik von Heavens Hotel, Ihre Privatsph\u00e4re in Bezug auf alle Informationen zu respektieren, die wir von Ihnen auf unserer Website, www.heavenshotelhoorn.com\/ und anderen Websites, die wir besitzen und betreiben, sammeln.<\/p><p>Wir fragen nur dann nach pers\u00f6nlichen Informationen, wenn wir diese wirklich ben\u00f6tigen, um Ihnen zu dienen. Wir erfassen sie auf faire und rechtm\u00e4\u00dfige Weise, mit Ihrem Wissen und Ihrer Zustimmung. Wir informieren Sie auch dar\u00fcber, warum wir sie erfassen und wie sie verwendet werden.  <\/p><p>Pers\u00f6nliche Informationen, die wir von Ihnen erhalten, sind u.a.:<br>Ihr Vorname, Nachname, Telefonnummer, Adresse, E-Mail-Adresse, Kreditkartendaten (Kartenart, Kreditkartennummer, Name des Karteninhabers, Ablaufdatum und Sicherheitscode), Informationen \u00fcber Ihren Aufenthalt, An- und Abreisedatum, spezielle W\u00fcnsche, Anmerkungen zu Ihren Servicepr\u00e4ferenzen (einschlie\u00dflich Zimmerpr\u00e4ferenzen, Einrichtungen oder andere genutzte Dienstleistungen), Informationen, die Sie in Bezug auf Ihre Pr\u00e4ferenzen f\u00fcr Marketing oder im Rahmen Ihrer Teilnahme an Umfragen, Wettbewerben oder Werbeaktionen angeben<\/p><p>Wir informieren Sie jederzeit dar\u00fcber, wie wir Ihre pers\u00f6nlichen Daten verarbeiten. Heavens Hotel gibt Ihre Daten unter keinen Umst\u00e4nden an Dritte weiter, es sei denn, Sie haben Ihre Zustimmung gegeben. <\/p><p>Wir speichern die gesammelten Informationen nur so lange, wie es erforderlich ist, um Ihnen den von Ihnen angeforderten Service zu bieten. Die Daten, die wir speichern, sch\u00fctzen wir, um Verlust und Diebstahl zu verhindern, sowie unbefugten Zugriff, Offenlegung, Kopieren, Verwendung oder \u00c4nderung. <\/p><p>Wir geben keine pers\u00f6nlich identifizierbaren Informationen \u00f6ffentlich oder an Dritte weiter, au\u00dfer wenn dies gesetzlich vorgeschrieben ist.<\/p><p>Unsere Website kann Links zu externen Websites enthalten, die nicht von uns betrieben werden. Bitte beachten Sie, dass wir keine Kontrolle \u00fcber den Inhalt und die Praktiken dieser Websites haben und wir keine Verantwortung oder Haftung f\u00fcr deren jeweilige Datenschutzrichtlinien \u00fcbernehmen k\u00f6nnen. <\/p><p>Es steht Ihnen frei, unsere Anfrage nach Ihren pers\u00f6nlichen Daten abzulehnen, mit dem Verst\u00e4ndnis, dass wir Ihnen m\u00f6glicherweise nicht die von Ihnen gew\u00fcnschten Dienstleistungen anbieten k\u00f6nnen.<br>Ihre Nutzung unserer Website wird als Akzeptanz unserer Praktiken in Bezug auf Datenschutz und pers\u00f6nliche Informationen angesehen. Wenn Sie Fragen dazu haben, wie wir mit Benutzerdaten und pers\u00f6nlichen Informationen umgehen, nehmen Sie bitte Kontakt mit uns auf. <\/p>\t\t\t\t\t\t\t\t<\/div>\n\t\t\t\t<div class=\"elementor-element elementor-element-f3f65bd elementor-widget elementor-widget-heading\" data-id=\"f3f65bd\" data-element_type=\"widget\" data-e-type=\"widget\" data-widget_type=\"heading.default\">\n\t\t\t\t\t<h2 class=\"elementor-heading-title elementor-size-default\">Cookies<\/h2>\t\t\t\t<\/div>\n\t\t\t\t<div class=\"elementor-element elementor-element-385783f elementor-widget elementor-widget-heading\" data-id=\"385783f\" data-element_type=\"widget\" data-e-type=\"widget\" data-widget_type=\"heading.default\">\n\t\t\t\t\t<h3 class=\"elementor-heading-title elementor-size-default\">1. Was sind Cookies?<\/h3>\t\t\t\t<\/div>\n\t\t\t\t<div class=\"elementor-element elementor-element-8162a51 elementor-widget elementor-widget-text-editor\" data-id=\"8162a51\" data-element_type=\"widget\" data-e-type=\"widget\" data-widget_type=\"text-editor.default\">\n\t\t\t\t\t\t\t\t\t<p>Cookies sind kleine Textdateien, die beim Besuch unserer Website auf Ihrem Computer, Tablet oder Smartphone platziert werden. Cookies helfen uns, die Website gut funktionieren zu lassen, Einblick in die Nutzung der Website zu erhalten und (sofern Sie daf\u00fcr die Erlaubnis erteilen) Marketingaktivit\u00e4ten zu optimieren. <\/p><p>Cookies k\u00f6nnen personenbezogene Daten enthalten, wie z. B. eine IP-Adresse oder Online-Identifikatoren, und fallen damit unter die Allgemeine Verordnung zum Datenschutz (AVG).<\/p>\t\t\t\t\t\t\t\t<\/div>\n\t\t\t\t<div class=\"elementor-element elementor-element-7f1308c elementor-widget elementor-widget-heading\" data-id=\"7f1308c\" data-element_type=\"widget\" data-e-type=\"widget\" data-widget_type=\"heading.default\">\n\t\t\t\t\t<h3 class=\"elementor-heading-title elementor-size-default\">2. Warum verwenden wir Cookies?<\/h3>\t\t\t\t<\/div>\n\t\t\t\t<div class=\"elementor-element elementor-element-d62fea5 elementor-widget elementor-widget-text-editor\" data-id=\"d62fea5\" data-element_type=\"widget\" data-e-type=\"widget\" data-widget_type=\"text-editor.default\">\n\t\t\t\t\t\t\t\t\t<p>Heavens Hotel Hoorn verwendet Cookies, um die Website korrekt funktionieren zu lassen, um die Nutzung der Website zu analysieren und zu verbessern und \u2013 ausschlie\u00dflich nach Ihrer Zustimmung \u2013 f\u00fcr Marketing- und Werbezwecke und f\u00fcr die Integration von sozialen Medien.<\/p>\t\t\t\t\t\t\t\t<\/div>\n\t\t\t\t<div class=\"elementor-element elementor-element-0c140a6 elementor-widget elementor-widget-heading\" data-id=\"0c140a6\" data-element_type=\"widget\" data-e-type=\"widget\" data-widget_type=\"heading.default\">\n\t\t\t\t\t<h3 class=\"elementor-heading-title elementor-size-default\">3. Welche Cookies verwenden wir?<\/h3>\t\t\t\t<\/div>\n\t\t\t\t<div class=\"elementor-element elementor-element-dca1168 elementor-widget elementor-widget-text-editor\" data-id=\"dca1168\" data-element_type=\"widget\" data-e-type=\"widget\" data-widget_type=\"text-editor.default\">\n\t\t\t\t\t\t\t\t\t<p>Wir verwenden Cookiebot, um Cookies zu verwalten. \u00dcber Cookiebot k\u00f6nnen Sie pro Kategorie angeben, ob Sie Cookies akzeptieren oder ablehnen. Notwendige Cookies sind essentiell f\u00fcr das Funktionieren der Website und k\u00f6nnen nicht ausgeschaltet werden. Pr\u00e4ferenz-Cookies speichern Ihre Einstellungen und Pr\u00e4ferenzen. Statistische Cookies helfen uns, Einblick in die Nutzung der Website zu erhalten, beispielsweise \u00fcber Google Analytics. Marketing-Cookies werden verwendet, um Anzeigen auf Ihre Interessen abzustimmen. Cookies f\u00fcr soziale Medien machen es m\u00f6glich, Inhalte \u00fcber soziale Netzwerke zu teilen und werden von Dritten platziert.      <\/p>\t\t\t\t\t\t\t\t<\/div>\n\t\t\t\t<div class=\"elementor-element elementor-element-342ca29 elementor-widget elementor-widget-heading\" data-id=\"342ca29\" data-element_type=\"widget\" data-e-type=\"widget\" data-widget_type=\"heading.default\">\n\t\t\t\t\t<h3 class=\"elementor-heading-title elementor-size-default\">4. Zustimmung und Verwaltung<\/h3>\t\t\t\t<\/div>\n\t\t\t\t<div class=\"elementor-element elementor-element-75b780e elementor-widget elementor-widget-text-editor\" data-id=\"75b780e\" data-element_type=\"widget\" data-e-type=\"widget\" data-widget_type=\"text-editor.default\">\n\t\t\t\t\t\t\t\t\t<p>Bei Ihrem ersten Besuch auf unserer Website werden Sie \u00fcber das Cookiebot-Banner gebeten, Ihre Zustimmung zum Setzen von Cookies zu geben, mit Ausnahme der notwendigen Cookies. Sie k\u00f6nnen Ihre Zustimmung jederzeit \u00e4ndern oder widerrufen \u00fcber die Cookie-Einstellungen auf unserer Website oder Cookies \u00fcber Ihre Browser-Einstellungen l\u00f6schen. Bitte beachten Sie, dass das Deaktivieren bestimmter Cookies Auswirkungen auf die Funktion der Website haben kann.link  <\/p>\t\t\t\t\t\t\t\t<\/div>\n\t\t\t\t<div class=\"elementor-element elementor-element-9809634 elementor-widget elementor-widget-heading\" data-id=\"9809634\" data-element_type=\"widget\" data-e-type=\"widget\" data-widget_type=\"heading.default\">\n\t\t\t\t\t<h3 class=\"elementor-heading-title elementor-size-default\">5. Google Analytics<\/h3>\t\t\t\t<\/div>\n\t\t\t\t<div class=\"elementor-element elementor-element-bbafc34 elementor-widget elementor-widget-text-editor\" data-id=\"bbafc34\" data-element_type=\"widget\" data-e-type=\"widget\" data-widget_type=\"text-editor.default\">\n\t\t\t\t\t\t\t\t\t<p>Wir verwenden Google Analytics, um Einblick in die Nutzung unserer Website zu erhalten. Diese Cookies werden nur nach Ihrer Zustimmung gesetzt.<br>Sie k\u00f6nnen sich dar\u00fcber hinaus \u00fcber das Google Analytics Opt-out Browser Add-on abmelden. <\/p>\t\t\t\t\t\t\t\t<\/div>\n\t\t\t\t<div class=\"elementor-element elementor-element-3133654 elementor-widget elementor-widget-heading\" data-id=\"3133654\" data-element_type=\"widget\" data-e-type=\"widget\" data-widget_type=\"heading.default\">\n\t\t\t\t\t<h3 class=\"elementor-heading-title elementor-size-default\">6. Kontakt<\/h3>\t\t\t\t<\/div>\n\t\t\t\t<div class=\"elementor-element elementor-element-7d6973d elementor-widget elementor-widget-text-editor\" data-id=\"7d6973d\" data-element_type=\"widget\" data-e-type=\"widget\" data-widget_type=\"text-editor.default\">\n\t\t\t\t\t\t\t\t\t<p>Haben Sie Fragen zu dieser Cookie-Erkl\u00e4rung?<br>Nehmen Sie dann Kontakt mit uns auf \u00fcber info@heavenshotelhoorn.com<\/p>\t\t\t\t\t\t\t\t<\/div>\n\t\t\t\t\t<\/div>\n\t\t\t\t<\/div>\n\t\t\t\t<\/div>\n\t\t","protected":false},"excerpt":{"rendered":"<p>Datenschutzerkl\u00e4rung IHR DATENSCHUTZ IST UNS WICHTIG Es ist die Politik von Heavens Hotel, Ihre Privatsph\u00e4re in Bezug auf alle Informationen zu respektieren, die wir von Ihnen auf unserer Website, www.heavenshotelhoorn.com\/ und anderen Websites, die wir besitzen und betreiben, sammeln. Wir fragen nur dann nach pers\u00f6nlichen Informationen, wenn wir diese wirklich ben\u00f6tigen, um Ihnen zu dienen. [&hellip;]<\/p>\n","protected":false},"author":1,"featured_media":0,"parent":0,"menu_order":0,"comment_status":"closed","ping_status":"closed","template":"","meta":{"footnotes":""},"class_list":["post-4683","page","type-page","status-publish","hentry"],"yoast_head":"<!-- This site is optimized with the Yoast SEO plugin v27.2 - https:\/\/yoast.com\/product\/yoast-seo-wordpress\/ -->\n<title>Datenschutzerkl\u00e4rung -<\/title>\n<meta name=\"robots\" content=\"noindex, follow, max-snippet:-1, max-image-preview:large, max-video-preview:-1\" \/>\n<meta property=\"og:locale\" content=\"de_DE\" \/>\n<meta property=\"og:type\" content=\"article\" \/>\n<meta property=\"og:title\" content=\"Datenschutzerkl\u00e4rung -\" \/>\n<meta property=\"og:description\" content=\"Datenschutzerkl\u00e4rung IHR DATENSCHUTZ IST UNS WICHTIG Es ist die Politik von Heavens Hotel, Ihre Privatsph\u00e4re in Bezug auf alle Informationen zu respektieren, die wir von Ihnen auf unserer Website, www.heavenshotelhoorn.com\/ und anderen Websites, die wir besitzen und betreiben, sammeln. Wir fragen nur dann nach pers\u00f6nlichen Informationen, wenn wir diese wirklich ben\u00f6tigen, um Ihnen zu dienen. [&hellip;]\" \/>\n<meta property=\"og:url\" content=\"https:\/\/heavenshotelproject.heavenshotelhoorn.com\/de\/privacy-policy\/\" \/>\n<meta property=\"article:modified_time\" content=\"2026-02-05T16:42:17+00:00\" \/>\n<meta name=\"twitter:card\" content=\"summary_large_image\" \/>\n<meta name=\"twitter:label1\" content=\"Gesch\u00e4tzte Lesezeit\" \/>\n\t<meta name=\"twitter:data1\" content=\"4\u00a0Minuten\" \/>\n<script type=\"application\/ld+json\" class=\"yoast-schema-graph\">{\"@context\":\"https:\/\/schema.org\",\"@graph\":[{\"@type\":\"WebPage\",\"@id\":\"https:\/\/heavenshotelproject.heavenshotelhoorn.com\/de\/privacy-policy\/\",\"url\":\"https:\/\/heavenshotelproject.heavenshotelhoorn.com\/de\/privacy-policy\/\",\"name\":\"Datenschutzerkl\u00e4rung -\",\"isPartOf\":{\"@id\":\"https:\/\/heavenshotelproject.heavenshotelhoorn.com\/de\/#website\"},\"datePublished\":\"2025-12-09T14:51:35+00:00\",\"dateModified\":\"2026-02-05T16:42:17+00:00\",\"breadcrumb\":{\"@id\":\"https:\/\/heavenshotelproject.heavenshotelhoorn.com\/de\/privacy-policy\/#breadcrumb\"},\"inLanguage\":\"de\",\"potentialAction\":[{\"@type\":\"ReadAction\",\"target\":[\"https:\/\/heavenshotelproject.heavenshotelhoorn.com\/de\/privacy-policy\/\"]}]},{\"@type\":\"BreadcrumbList\",\"@id\":\"https:\/\/heavenshotelproject.heavenshotelhoorn.com\/de\/privacy-policy\/#breadcrumb\",\"itemListElement\":[{\"@type\":\"ListItem\",\"position\":1,\"name\":\"Home\",\"item\":\"https:\/\/heavenshotelproject.heavenshotelhoorn.com\/de\/\"},{\"@type\":\"ListItem\",\"position\":2,\"name\":\"Datenschutzerkl\u00e4rung\"}]},{\"@type\":\"WebSite\",\"@id\":\"https:\/\/heavenshotelproject.heavenshotelhoorn.com\/de\/#website\",\"url\":\"https:\/\/heavenshotelproject.heavenshotelhoorn.com\/de\/\",\"name\":\"\",\"description\":\"\",\"potentialAction\":[{\"@type\":\"SearchAction\",\"target\":{\"@type\":\"EntryPoint\",\"urlTemplate\":\"https:\/\/heavenshotelproject.heavenshotelhoorn.com\/de\/?s={search_term_string}\"},\"query-input\":{\"@type\":\"PropertyValueSpecification\",\"valueRequired\":true,\"valueName\":\"search_term_string\"}}],\"inLanguage\":\"de\"}]}<\/script>\n<!-- \/ Yoast SEO plugin. -->","yoast_head_json":{"title":"Datenschutzerkl\u00e4rung -","robots":{"index":"noindex","follow":"follow","max-snippet":"max-snippet:-1","max-image-preview":"max-image-preview:large","max-video-preview":"max-video-preview:-1"},"og_locale":"de_DE","og_type":"article","og_title":"Datenschutzerkl\u00e4rung -","og_description":"Datenschutzerkl\u00e4rung IHR DATENSCHUTZ IST UNS WICHTIG Es ist die Politik von Heavens Hotel, Ihre Privatsph\u00e4re in Bezug auf alle Informationen zu respektieren, die wir von Ihnen auf unserer Website, www.heavenshotelhoorn.com\/ und anderen Websites, die wir besitzen und betreiben, sammeln. Wir fragen nur dann nach pers\u00f6nlichen Informationen, wenn wir diese wirklich ben\u00f6tigen, um Ihnen zu dienen. [&hellip;]","og_url":"https:\/\/heavenshotelproject.heavenshotelhoorn.com\/de\/privacy-policy\/","article_modified_time":"2026-02-05T16:42:17+00:00","twitter_card":"summary_large_image","twitter_misc":{"Gesch\u00e4tzte Lesezeit":"4\u00a0Minuten"},"schema":{"@context":"https:\/\/schema.org","@graph":[{"@type":"WebPage","@id":"https:\/\/heavenshotelproject.heavenshotelhoorn.com\/de\/privacy-policy\/","url":"https:\/\/heavenshotelproject.heavenshotelhoorn.com\/de\/privacy-policy\/","name":"Datenschutzerkl\u00e4rung -","isPartOf":{"@id":"https:\/\/heavenshotelproject.heavenshotelhoorn.com\/de\/#website"},"datePublished":"2025-12-09T14:51:35+00:00","dateModified":"2026-02-05T16:42:17+00:00","breadcrumb":{"@id":"https:\/\/heavenshotelproject.heavenshotelhoorn.com\/de\/privacy-policy\/#breadcrumb"},"inLanguage":"de","potentialAction":[{"@type":"ReadAction","target":["https:\/\/heavenshotelproject.heavenshotelhoorn.com\/de\/privacy-policy\/"]}]},{"@type":"BreadcrumbList","@id":"https:\/\/heavenshotelproject.heavenshotelhoorn.com\/de\/privacy-policy\/#breadcrumb","itemListElement":[{"@type":"ListItem","position":1,"name":"Home","item":"https:\/\/heavenshotelproject.heavenshotelhoorn.com\/de\/"},{"@type":"ListItem","position":2,"name":"Datenschutzerkl\u00e4rung"}]},{"@type":"WebSite","@id":"https:\/\/heavenshotelproject.heavenshotelhoorn.com\/de\/#website","url":"https:\/\/heavenshotelproject.heavenshotelhoorn.com\/de\/","name":"","description":"","potentialAction":[{"@type":"SearchAction","target":{"@type":"EntryPoint","urlTemplate":"https:\/\/heavenshotelproject.heavenshotelhoorn.com\/de\/?s={search_term_string}"},"query-input":{"@type":"PropertyValueSpecification","valueRequired":true,"valueName":"search_term_string"}}],"inLanguage":"de"}]}},"_links":{"self":[{"href":"https:\/\/heavenshotelproject.heavenshotelhoorn.com\/de\/wp-json\/wp\/v2\/pages\/4683","targetHints":{"allow":["GET"]}}],"collection":[{"href":"https:\/\/heavenshotelproject.heavenshotelhoorn.com\/de\/wp-json\/wp\/v2\/pages"}],"about":[{"href":"https:\/\/heavenshotelproject.heavenshotelhoorn.com\/de\/wp-json\/wp\/v2\/types\/page"}],"author":[{"embeddable":true,"href":"https:\/\/heavenshotelproject.heavenshotelhoorn.com\/de\/wp-json\/wp\/v2\/users\/1"}],"replies":[{"embeddable":true,"href":"https:\/\/heavenshotelproject.heavenshotelhoorn.com\/de\/wp-json\/wp\/v2\/comments?post=4683"}],"version-history":[{"count":2,"href":"https:\/\/heavenshotelproject.heavenshotelhoorn.com\/de\/wp-json\/wp\/v2\/pages\/4683\/revisions"}],"predecessor-version":[{"id":5304,"href":"https:\/\/heavenshotelproject.heavenshotelhoorn.com\/de\/wp-json\/wp\/v2\/pages\/4683\/revisions\/5304"}],"wp:attachment":[{"href":"https:\/\/heavenshotelproject.heavenshotelhoorn.com\/de\/wp-json\/wp\/v2\/media?parent=4683"}],"curies":[{"name":"wp","href":"https:\/\/api.w.org\/{rel}","templated":true}]}}