{"id":4555,"date":"2026-01-26T15:55:02","date_gmt":"2026-01-26T15:55:02","guid":{"rendered":"https:\/\/heavenshotelproject.heavenshotelhoorn.com\/restaurant-bar\/"},"modified":"2026-02-04T23:40:49","modified_gmt":"2026-02-04T23:40:49","slug":"restaurant-bar","status":"publish","type":"page","link":"https:\/\/heavenshotelproject.heavenshotelhoorn.com\/de\/restaurant-bar\/","title":{"rendered":"RESTAURANT &amp; BAR"},"content":{"rendered":"\t\t<div data-elementor-type=\"wp-page\" data-elementor-id=\"4555\" class=\"elementor elementor-4555 elementor-3715\" data-elementor-post-type=\"page\">\n\t\t\t\t<div class=\"elementor-element elementor-element-fb411ea e-con-full e-flex e-con e-parent\" data-id=\"fb411ea\" data-element_type=\"container\" data-e-type=\"container\" data-settings=\"{&quot;background_background&quot;:&quot;classic&quot;}\">\n\t\t\t\t<\/div>\n\t\t<div class=\"elementor-element elementor-element-c614f4c e-flex e-con-boxed e-con e-parent\" data-id=\"c614f4c\" data-element_type=\"container\" data-e-type=\"container\" data-settings=\"{&quot;background_background&quot;:&quot;classic&quot;}\">\n\t\t\t\t\t<div class=\"e-con-inner\">\n\t\t<div class=\"elementor-element elementor-element-dd15d3c e-con-full e-flex e-con e-child\" data-id=\"dd15d3c\" data-element_type=\"container\" data-e-type=\"container\" data-settings=\"{&quot;background_background&quot;:&quot;classic&quot;}\">\n\t\t\t\t<\/div>\n\t\t<div class=\"elementor-element elementor-element-623422e e-con-full e-flex e-con e-child\" data-id=\"623422e\" data-element_type=\"container\" data-e-type=\"container\" data-settings=\"{&quot;background_background&quot;:&quot;classic&quot;}\">\n\t\t\t\t<div class=\"elementor-element elementor-element-ab08c38 elementor-widget elementor-widget-heading\" data-id=\"ab08c38\" data-element_type=\"widget\" data-e-type=\"widget\" data-widget_type=\"heading.default\">\n\t\t\t\t\t<h1 class=\"elementor-heading-title elementor-size-default\">Restaurant &amp; Bar<\/h1>\t\t\t\t<\/div>\n\t\t\t\t<div class=\"elementor-element elementor-element-39700c5 elementor-widget elementor-widget-heading\" data-id=\"39700c5\" data-element_type=\"widget\" data-e-type=\"widget\" data-widget_type=\"heading.default\">\n\t\t\t\t\t<h2 class=\"elementor-heading-title elementor-size-default\">THE SAINT<\/h2>\t\t\t\t<\/div>\n\t\t\t\t<div class=\"elementor-element elementor-element-30a9b3d elementor-widget elementor-widget-text-editor\" data-id=\"30a9b3d\" data-element_type=\"widget\" data-e-type=\"widget\" data-widget_type=\"text-editor.default\">\n\t\t\t\t\t\t\t\t\t<p>Das Restaurant und die Bar befinden sich im Erdgeschoss des Heavens Hotel, in der monumentalen Grote Kerk. Charakteristische Merkmale des Geb\u00e4udes sind in das moderne und gem\u00fctliche Dekor integriert, voller Nischen, B\u00f6gen und gro\u00dfer Fenster. Hotelg\u00e4ste genie\u00dfen hier t\u00e4glich das von The Saint zubereitete Fr\u00fchst\u00fcck. Zum Mittag- oder Abendessen sind Sie herzlich im The Saint Social Club willkommen, einem unabh\u00e4ngigen Restaurant mit eigener K\u00fcche und eigenem Charakter. F\u00fcr Reservierungen oder weitere Informationen wenden Sie sich bitte direkt an The Saint.    <\/p>\t\t\t\t\t\t\t\t<\/div>\n\t\t\t\t<\/div>\n\t\t<div class=\"elementor-element elementor-element-6c0dc82 e-con-full e-flex e-con e-child\" data-id=\"6c0dc82\" data-element_type=\"container\" data-e-type=\"container\" data-settings=\"{&quot;background_background&quot;:&quot;classic&quot;}\">\n\t\t\t\t<\/div>\n\t\t\t\t\t<\/div>\n\t\t\t\t<\/div>\n\t\t<div class=\"elementor-element elementor-element-9468c92 e-flex e-con-boxed e-con e-child\" data-id=\"9468c92\" data-element_type=\"container\" data-e-type=\"container\" data-settings=\"{&quot;background_background&quot;:&quot;classic&quot;}\">\n\t\t\t\t\t<div class=\"e-con-inner\">\n\t\t<div class=\"elementor-element elementor-element-509010d e-con-full e-flex e-con e-child\" data-id=\"509010d\" data-element_type=\"container\" data-e-type=\"container\" data-settings=\"{&quot;background_background&quot;:&quot;classic&quot;,&quot;animation&quot;:&quot;none&quot;}\">\n\t\t<div class=\"elementor-element elementor-element-dd1a8c3 e-con-full e-flex e-con e-child\" data-id=\"dd1a8c3\" data-element_type=\"container\" data-e-type=\"container\" data-settings=\"{&quot;background_background&quot;:&quot;classic&quot;,&quot;position&quot;:&quot;absolute&quot;}\">\n\t\t\t\t<div class=\"elementor-element elementor-element-2931754 elementor-widget elementor-widget-heading\" data-id=\"2931754\" data-element_type=\"widget\" data-e-type=\"widget\" data-widget_type=\"heading.default\">\n\t\t\t\t\t<h2 class=\"elementor-heading-title elementor-size-default\">Fr\u00fchst\u00fcck<\/h2>\t\t\t\t<\/div>\n\t\t\t\t<div class=\"elementor-element elementor-element-c9442c7 elementor-widget elementor-widget-button\" data-id=\"c9442c7\" data-element_type=\"widget\" data-e-type=\"widget\" data-widget_type=\"button.default\">\n\t\t\t\t\t\t\t\t\t\t<a class=\"elementor-button elementor-button-link elementor-size-sm\" href=\"https:\/\/heavenshotelproject.heavenshotelhoorn.com\/de\/fruehstueck\/\">\n\t\t\t\t\t\t<span class=\"elementor-button-content-wrapper\">\n\t\t\t\t\t\t\t\t\t<span class=\"elementor-button-text\">Ansehen <\/span>\n\t\t\t\t\t<\/span>\n\t\t\t\t\t<\/a>\n\t\t\t\t\t\t\t\t<\/div>\n\t\t\t\t<\/div>\n\t\t\t\t<\/div>\n\t\t<div class=\"elementor-element elementor-element-f691222 e-con-full e-flex e-con e-child\" data-id=\"f691222\" data-element_type=\"container\" data-e-type=\"container\" data-settings=\"{&quot;background_background&quot;:&quot;classic&quot;,&quot;animation&quot;:&quot;none&quot;}\">\n\t\t<div class=\"elementor-element elementor-element-dece71c e-con-full e-flex e-con e-child\" data-id=\"dece71c\" data-element_type=\"container\" data-e-type=\"container\" data-settings=\"{&quot;background_background&quot;:&quot;classic&quot;,&quot;position&quot;:&quot;absolute&quot;}\">\n\t\t\t\t<div class=\"elementor-element elementor-element-98091f6 elementor-widget elementor-widget-heading\" data-id=\"98091f6\" data-element_type=\"widget\" data-e-type=\"widget\" data-widget_type=\"heading.default\">\n\t\t\t\t\t<h2 class=\"elementor-heading-title elementor-size-default\">Mittag- &amp; Abendessen<\/h2>\t\t\t\t<\/div>\n\t\t\t\t<div class=\"elementor-element elementor-element-ce2def1 elementor-widget elementor-widget-button\" data-id=\"ce2def1\" data-element_type=\"widget\" data-e-type=\"widget\" data-widget_type=\"button.default\">\n\t\t\t\t\t\t\t\t\t\t<a class=\"elementor-button elementor-button-link elementor-size-sm\" href=\"https:\/\/heavenshotelproject.heavenshotelhoorn.com\/de\/mittagessen-abendessen\/\">\n\t\t\t\t\t\t<span class=\"elementor-button-content-wrapper\">\n\t\t\t\t\t\t\t\t\t<span class=\"elementor-button-text\">Ansehen <\/span>\n\t\t\t\t\t<\/span>\n\t\t\t\t\t<\/a>\n\t\t\t\t\t\t\t\t<\/div>\n\t\t\t\t<\/div>\n\t\t\t\t<\/div>\n\t\t<div class=\"elementor-element elementor-element-2c4608f e-con-full e-flex e-con e-child\" data-id=\"2c4608f\" data-element_type=\"container\" data-e-type=\"container\" data-settings=\"{&quot;background_background&quot;:&quot;classic&quot;,&quot;animation&quot;:&quot;none&quot;}\">\n\t\t<div class=\"elementor-element elementor-element-d0dbd06 e-con-full e-flex e-con e-child\" data-id=\"d0dbd06\" data-element_type=\"container\" data-e-type=\"container\" data-settings=\"{&quot;background_background&quot;:&quot;classic&quot;,&quot;position&quot;:&quot;absolute&quot;}\">\n\t\t\t\t<div class=\"elementor-element elementor-element-6a06b32 elementor-widget elementor-widget-heading\" data-id=\"6a06b32\" data-element_type=\"widget\" data-e-type=\"widget\" data-widget_type=\"heading.default\">\n\t\t\t\t\t<h2 class=\"elementor-heading-title elementor-size-default\">Bar<\/h2>\t\t\t\t<\/div>\n\t\t\t\t<div class=\"elementor-element elementor-element-a346f43 elementor-widget elementor-widget-button\" data-id=\"a346f43\" data-element_type=\"widget\" data-e-type=\"widget\" data-widget_type=\"button.default\">\n\t\t\t\t\t\t\t\t\t\t<a class=\"elementor-button elementor-button-link elementor-size-sm\" href=\"https:\/\/heavenshotelproject.heavenshotelhoorn.com\/de\/bar\/\">\n\t\t\t\t\t\t<span class=\"elementor-button-content-wrapper\">\n\t\t\t\t\t\t\t\t\t<span class=\"elementor-button-text\">Ansehen <\/span>\n\t\t\t\t\t<\/span>\n\t\t\t\t\t<\/a>\n\t\t\t\t\t\t\t\t<\/div>\n\t\t\t\t<\/div>\n\t\t\t\t<\/div>\n\t\t\t\t\t<\/div>\n\t\t\t\t<\/div>\n\t\t<div class=\"elementor-element elementor-element-e1f48cc e-flex e-con-boxed e-con e-parent\" data-id=\"e1f48cc\" data-element_type=\"container\" data-e-type=\"container\" data-settings=\"{&quot;background_background&quot;:&quot;classic&quot;}\">\n\t\t\t\t\t<div class=\"e-con-inner\">\n\t\t<div class=\"elementor-element elementor-element-e9d6771 e-con-full e-flex e-con e-child\" data-id=\"e9d6771\" data-element_type=\"container\" data-e-type=\"container\">\n\t\t\t\t<div class=\"elementor-element elementor-element-c8f44b7 elementor-widget elementor-widget-heading\" data-id=\"c8f44b7\" data-element_type=\"widget\" data-e-type=\"widget\" data-widget_type=\"heading.default\">\n\t\t\t\t\t<h2 class=\"elementor-heading-title elementor-size-default\">Tagungen und \u00dcbernachtungen an einem Ort<\/h2>\t\t\t\t<\/div>\n\t\t\t\t<div class=\"elementor-element elementor-element-196244a elementor-widget elementor-widget-text-editor\" data-id=\"196244a\" data-element_type=\"widget\" data-e-type=\"widget\" data-widget_type=\"text-editor.default\">\n\t\t\t\t\t\t\t\t\t<p>Kombinieren Sie Ihre Tagung oder Ihr Event mit einem komfortablen Aufenthalt im Heavens Hotel Hoorn. <br>Unsere stilvollen Hotelzimmer befinden sich direkt \u00fcber der Eventlocation, ideal f\u00fcr mehrt\u00e4gige Treffen oder G\u00e4ste von au\u00dferhalb der Region.<br><br>So schaffen Sie Ruhe, Fokus und Raum, um das Maximum aus Ihrem Treffen herauszuholen.<\/p>\t\t\t\t\t\t\t\t<\/div>\n\t\t\t\t<div class=\"elementor-element elementor-element-e952713 elementor-icon-list--layout-traditional elementor-list-item-link-full_width elementor-widget elementor-widget-icon-list\" data-id=\"e952713\" data-element_type=\"widget\" data-e-type=\"widget\" data-widget_type=\"icon-list.default\">\n\t\t\t\t\t\t\t<ul class=\"elementor-icon-list-items\">\n\t\t\t\t\t\t\t<li class=\"elementor-icon-list-item\">\n\t\t\t\t\t\t\t\t\t\t\t<span class=\"elementor-icon-list-icon\">\n\t\t\t\t\t\t\t<svg aria-hidden=\"true\" class=\"e-font-icon-svg e-fas-check\" viewBox=\"0 0 512 512\" xmlns=\"http:\/\/www.w3.org\/2000\/svg\"><path d=\"M173.898 439.404l-166.4-166.4c-9.997-9.997-9.997-26.206 0-36.204l36.203-36.204c9.997-9.998 26.207-9.998 36.204 0L192 312.69 432.095 72.596c9.997-9.997 26.207-9.997 36.204 0l36.203 36.204c9.997 9.997 9.997 26.206 0 36.204l-294.4 294.401c-9.998 9.997-26.207 9.997-36.204-.001z\"><\/path><\/svg>\t\t\t\t\t\t<\/span>\n\t\t\t\t\t\t\t\t\t\t<span class=\"elementor-icon-list-text\">Luxuri\u00f6se Zimmer im Zentrum von Hoorn<\/span>\n\t\t\t\t\t\t\t\t\t<\/li>\n\t\t\t\t\t\t\t\t<li class=\"elementor-icon-list-item\">\n\t\t\t\t\t\t\t\t\t\t\t<span class=\"elementor-icon-list-icon\">\n\t\t\t\t\t\t\t<svg aria-hidden=\"true\" class=\"e-font-icon-svg e-fas-check\" viewBox=\"0 0 512 512\" xmlns=\"http:\/\/www.w3.org\/2000\/svg\"><path d=\"M173.898 439.404l-166.4-166.4c-9.997-9.997-9.997-26.206 0-36.204l36.203-36.204c9.997-9.998 26.207-9.998 36.204 0L192 312.69 432.095 72.596c9.997-9.997 26.207-9.997 36.204 0l36.203 36.204c9.997 9.997 9.997 26.206 0 36.204l-294.4 294.401c-9.998 9.997-26.207 9.997-36.204-.001z\"><\/path><\/svg>\t\t\t\t\t\t<\/span>\n\t\t\t\t\t\t\t\t\t\t<span class=\"elementor-icon-list-text\">Alles unter einem Dach<\/span>\n\t\t\t\t\t\t\t\t\t<\/li>\n\t\t\t\t\t\t\t\t<li class=\"elementor-icon-list-item\">\n\t\t\t\t\t\t\t\t\t\t\t<span class=\"elementor-icon-list-icon\">\n\t\t\t\t\t\t\t<svg aria-hidden=\"true\" class=\"e-font-icon-svg e-fas-check\" viewBox=\"0 0 512 512\" xmlns=\"http:\/\/www.w3.org\/2000\/svg\"><path d=\"M173.898 439.404l-166.4-166.4c-9.997-9.997-9.997-26.206 0-36.204l36.203-36.204c9.997-9.998 26.207-9.998 36.204 0L192 312.69 432.095 72.596c9.997-9.997 26.207-9.997 36.204 0l36.203 36.204c9.997 9.997 9.997 26.206 0 36.204l-294.4 294.401c-9.998 9.997-26.207 9.997-36.204-.001z\"><\/path><\/svg>\t\t\t\t\t\t<\/span>\n\t\t\t\t\t\t\t\t\t\t<span class=\"elementor-icon-list-text\">Keine Reisezeit zwischen Programmpunkten<\/span>\n\t\t\t\t\t\t\t\t\t<\/li>\n\t\t\t\t\t\t<\/ul>\n\t\t\t\t\t\t<\/div>\n\t\t\t\t<div class=\"elementor-element elementor-element-1619c79 elementor-widget elementor-widget-button\" data-id=\"1619c79\" data-element_type=\"widget\" data-e-type=\"widget\" data-widget_type=\"button.default\">\n\t\t\t\t\t\t\t\t\t\t<a class=\"elementor-button elementor-button-link elementor-size-sm\" href=\"https:\/\/heavenshotelproject.heavenshotelhoorn.com\/de\/angebot-anfordern\/\">\n\t\t\t\t\t\t<span class=\"elementor-button-content-wrapper\">\n\t\t\t\t\t\t\t\t\t<span class=\"elementor-button-text\">Starten Sie Ihre Anfrage<\/span>\n\t\t\t\t\t<\/span>\n\t\t\t\t\t<\/a>\n\t\t\t\t\t\t\t\t<\/div>\n\t\t\t\t<\/div>\n\t\t<div class=\"elementor-element elementor-element-a09e86e e-con-full e-flex e-con e-child\" data-id=\"a09e86e\" data-element_type=\"container\" data-e-type=\"container\" data-settings=\"{&quot;background_background&quot;:&quot;classic&quot;}\">\n\t\t\t\t<\/div>\n\t\t\t\t\t<\/div>\n\t\t\t\t<\/div>\n\t\t\t\t<\/div>\n\t\t","protected":false},"excerpt":{"rendered":"<p>Restaurant &amp; Bar THE SAINT Das Restaurant und die Bar befinden sich im Erdgeschoss des Heavens Hotel, in der monumentalen Grote Kerk. Charakteristische Merkmale des Geb\u00e4udes sind in das moderne und gem\u00fctliche Dekor integriert, voller Nischen, B\u00f6gen und gro\u00dfer Fenster. Hotelg\u00e4ste genie\u00dfen hier t\u00e4glich das von The Saint zubereitete Fr\u00fchst\u00fcck. Zum Mittag- oder Abendessen sind [&hellip;]<\/p>\n","protected":false},"author":1,"featured_media":0,"parent":0,"menu_order":0,"comment_status":"closed","ping_status":"closed","template":"","meta":{"footnotes":""},"class_list":["post-4555","page","type-page","status-publish","hentry"],"yoast_head":"<!-- This site is optimized with the Yoast SEO plugin v27.2 - https:\/\/yoast.com\/product\/yoast-seo-wordpress\/ -->\n<title>RESTAURANT &amp; BAR -<\/title>\n<meta name=\"robots\" content=\"noindex, follow, max-snippet:-1, max-image-preview:large, max-video-preview:-1\" \/>\n<meta property=\"og:locale\" content=\"de_DE\" \/>\n<meta property=\"og:type\" content=\"article\" \/>\n<meta property=\"og:title\" content=\"RESTAURANT &amp; BAR -\" \/>\n<meta property=\"og:description\" content=\"Restaurant &amp; Bar THE SAINT Das Restaurant und die Bar befinden sich im Erdgeschoss des Heavens Hotel, in der monumentalen Grote Kerk. Charakteristische Merkmale des Geb\u00e4udes sind in das moderne und gem\u00fctliche Dekor integriert, voller Nischen, B\u00f6gen und gro\u00dfer Fenster. Hotelg\u00e4ste genie\u00dfen hier t\u00e4glich das von The Saint zubereitete Fr\u00fchst\u00fcck. Zum Mittag- oder Abendessen sind [&hellip;]\" \/>\n<meta property=\"og:url\" content=\"https:\/\/heavenshotelproject.heavenshotelhoorn.com\/de\/restaurant-bar\/\" \/>\n<meta property=\"article:modified_time\" content=\"2026-02-04T23:40:49+00:00\" \/>\n<meta name=\"twitter:card\" content=\"summary_large_image\" \/>\n<meta name=\"twitter:label1\" content=\"Gesch\u00e4tzte Lesezeit\" \/>\n\t<meta name=\"twitter:data1\" content=\"1\u00a0Minute\" \/>\n<script type=\"application\/ld+json\" class=\"yoast-schema-graph\">{\"@context\":\"https:\/\/schema.org\",\"@graph\":[{\"@type\":\"WebPage\",\"@id\":\"https:\/\/heavenshotelproject.heavenshotelhoorn.com\/de\/restaurant-bar\/\",\"url\":\"https:\/\/heavenshotelproject.heavenshotelhoorn.com\/de\/restaurant-bar\/\",\"name\":\"RESTAURANT &amp; BAR -\",\"isPartOf\":{\"@id\":\"https:\/\/heavenshotelproject.heavenshotelhoorn.com\/de\/#website\"},\"datePublished\":\"2026-01-26T15:55:02+00:00\",\"dateModified\":\"2026-02-04T23:40:49+00:00\",\"breadcrumb\":{\"@id\":\"https:\/\/heavenshotelproject.heavenshotelhoorn.com\/de\/restaurant-bar\/#breadcrumb\"},\"inLanguage\":\"de\",\"potentialAction\":[{\"@type\":\"ReadAction\",\"target\":[\"https:\/\/heavenshotelproject.heavenshotelhoorn.com\/de\/restaurant-bar\/\"]}]},{\"@type\":\"BreadcrumbList\",\"@id\":\"https:\/\/heavenshotelproject.heavenshotelhoorn.com\/de\/restaurant-bar\/#breadcrumb\",\"itemListElement\":[{\"@type\":\"ListItem\",\"position\":1,\"name\":\"Home\",\"item\":\"https:\/\/heavenshotelproject.heavenshotelhoorn.com\/de\/\"},{\"@type\":\"ListItem\",\"position\":2,\"name\":\"RESTAURANT &amp; BAR\"}]},{\"@type\":\"WebSite\",\"@id\":\"https:\/\/heavenshotelproject.heavenshotelhoorn.com\/de\/#website\",\"url\":\"https:\/\/heavenshotelproject.heavenshotelhoorn.com\/de\/\",\"name\":\"\",\"description\":\"\",\"potentialAction\":[{\"@type\":\"SearchAction\",\"target\":{\"@type\":\"EntryPoint\",\"urlTemplate\":\"https:\/\/heavenshotelproject.heavenshotelhoorn.com\/de\/?s={search_term_string}\"},\"query-input\":{\"@type\":\"PropertyValueSpecification\",\"valueRequired\":true,\"valueName\":\"search_term_string\"}}],\"inLanguage\":\"de\"}]}<\/script>\n<!-- \/ Yoast SEO plugin. -->","yoast_head_json":{"title":"RESTAURANT &amp; BAR -","robots":{"index":"noindex","follow":"follow","max-snippet":"max-snippet:-1","max-image-preview":"max-image-preview:large","max-video-preview":"max-video-preview:-1"},"og_locale":"de_DE","og_type":"article","og_title":"RESTAURANT &amp; BAR -","og_description":"Restaurant &amp; Bar THE SAINT Das Restaurant und die Bar befinden sich im Erdgeschoss des Heavens Hotel, in der monumentalen Grote Kerk. Charakteristische Merkmale des Geb\u00e4udes sind in das moderne und gem\u00fctliche Dekor integriert, voller Nischen, B\u00f6gen und gro\u00dfer Fenster. Hotelg\u00e4ste genie\u00dfen hier t\u00e4glich das von The Saint zubereitete Fr\u00fchst\u00fcck. Zum Mittag- oder Abendessen sind [&hellip;]","og_url":"https:\/\/heavenshotelproject.heavenshotelhoorn.com\/de\/restaurant-bar\/","article_modified_time":"2026-02-04T23:40:49+00:00","twitter_card":"summary_large_image","twitter_misc":{"Gesch\u00e4tzte Lesezeit":"1\u00a0Minute"},"schema":{"@context":"https:\/\/schema.org","@graph":[{"@type":"WebPage","@id":"https:\/\/heavenshotelproject.heavenshotelhoorn.com\/de\/restaurant-bar\/","url":"https:\/\/heavenshotelproject.heavenshotelhoorn.com\/de\/restaurant-bar\/","name":"RESTAURANT &amp; BAR -","isPartOf":{"@id":"https:\/\/heavenshotelproject.heavenshotelhoorn.com\/de\/#website"},"datePublished":"2026-01-26T15:55:02+00:00","dateModified":"2026-02-04T23:40:49+00:00","breadcrumb":{"@id":"https:\/\/heavenshotelproject.heavenshotelhoorn.com\/de\/restaurant-bar\/#breadcrumb"},"inLanguage":"de","potentialAction":[{"@type":"ReadAction","target":["https:\/\/heavenshotelproject.heavenshotelhoorn.com\/de\/restaurant-bar\/"]}]},{"@type":"BreadcrumbList","@id":"https:\/\/heavenshotelproject.heavenshotelhoorn.com\/de\/restaurant-bar\/#breadcrumb","itemListElement":[{"@type":"ListItem","position":1,"name":"Home","item":"https:\/\/heavenshotelproject.heavenshotelhoorn.com\/de\/"},{"@type":"ListItem","position":2,"name":"RESTAURANT &amp; BAR"}]},{"@type":"WebSite","@id":"https:\/\/heavenshotelproject.heavenshotelhoorn.com\/de\/#website","url":"https:\/\/heavenshotelproject.heavenshotelhoorn.com\/de\/","name":"","description":"","potentialAction":[{"@type":"SearchAction","target":{"@type":"EntryPoint","urlTemplate":"https:\/\/heavenshotelproject.heavenshotelhoorn.com\/de\/?s={search_term_string}"},"query-input":{"@type":"PropertyValueSpecification","valueRequired":true,"valueName":"search_term_string"}}],"inLanguage":"de"}]}},"_links":{"self":[{"href":"https:\/\/heavenshotelproject.heavenshotelhoorn.com\/de\/wp-json\/wp\/v2\/pages\/4555","targetHints":{"allow":["GET"]}}],"collection":[{"href":"https:\/\/heavenshotelproject.heavenshotelhoorn.com\/de\/wp-json\/wp\/v2\/pages"}],"about":[{"href":"https:\/\/heavenshotelproject.heavenshotelhoorn.com\/de\/wp-json\/wp\/v2\/types\/page"}],"author":[{"embeddable":true,"href":"https:\/\/heavenshotelproject.heavenshotelhoorn.com\/de\/wp-json\/wp\/v2\/users\/1"}],"replies":[{"embeddable":true,"href":"https:\/\/heavenshotelproject.heavenshotelhoorn.com\/de\/wp-json\/wp\/v2\/comments?post=4555"}],"version-history":[{"count":5,"href":"https:\/\/heavenshotelproject.heavenshotelhoorn.com\/de\/wp-json\/wp\/v2\/pages\/4555\/revisions"}],"predecessor-version":[{"id":5217,"href":"https:\/\/heavenshotelproject.heavenshotelhoorn.com\/de\/wp-json\/wp\/v2\/pages\/4555\/revisions\/5217"}],"wp:attachment":[{"href":"https:\/\/heavenshotelproject.heavenshotelhoorn.com\/de\/wp-json\/wp\/v2\/media?parent=4555"}],"curies":[{"name":"wp","href":"https:\/\/api.w.org\/{rel}","templated":true}]}}